{"id":1666,"date":"2025-04-09T09:04:44","date_gmt":"2025-04-09T09:04:44","guid":{"rendered":"https:\/\/hotel-du-roc04.com\/?page_id=1666"},"modified":"2025-04-09T09:48:47","modified_gmt":"2025-04-09T09:48:47","slug":"informazioni-legali","status":"publish","type":"page","link":"https:\/\/hotel-du-roc04.fr\/it\/mentions-legales\/","title":{"rendered":"Informazioni legali"},"content":{"rendered":"<div data-elementor-type=\"wp-page\" data-elementor-id=\"1666\" class=\"elementor elementor-1666\" data-elementor-post-type=\"page\">\n\t\t\t\t<div class=\"elementor-element elementor-element-8699556 e-con-full e-flex e-con e-parent\" data-id=\"8699556\" data-element_type=\"container\" data-e-type=\"container\">\n\t\t\t\t<div class=\"elementor-element elementor-element-7847760 elementor-widget elementor-widget-spacer\" data-id=\"7847760\" data-element_type=\"widget\" data-e-type=\"widget\" data-widget_type=\"spacer.default\">\n\t\t\t\t<div class=\"elementor-widget-container\">\n\t\t\t\t\t\t\t<div class=\"elementor-spacer\">\n\t\t\t<div class=\"elementor-spacer-inner\"><\/div>\n\t\t<\/div>\n\t\t\t\t\t\t<\/div>\n\t\t\t\t<\/div>\n\t\t\t\t<\/div>\n\t\t<div class=\"elementor-element elementor-element-333dadf0 e-flex e-con-boxed e-con e-parent\" data-id=\"333dadf0\" data-element_type=\"container\" data-e-type=\"container\">\n\t\t\t\t\t<div class=\"e-con-inner\">\n\t\t\t\t<div class=\"elementor-element elementor-element-76de863 elementor-widget elementor-widget-heading\" data-id=\"76de863\" data-element_type=\"widget\" data-e-type=\"widget\" data-widget_type=\"heading.default\">\n\t\t\t\t<div class=\"elementor-widget-container\">\n\t\t\t\t\t<h2 class=\"elementor-heading-title elementor-size-default\">Informazioni legali<\/h2>\t\t\t\t<\/div>\n\t\t\t\t<\/div>\n\t\t\t\t<div class=\"elementor-element elementor-element-6535712a elementor-widget elementor-widget-text-editor\" data-id=\"6535712a\" data-element_type=\"widget\" data-e-type=\"widget\" data-widget_type=\"text-editor.default\">\n\t\t\t\t<div class=\"elementor-widget-container\">\n\t\t\t\t\t\t\t\t\t\n<h3 class=\"wp-block-heading\" data-start=\"317\" data-end=\"344\">1. <strong>Presentazione del sito<\/strong><\/h3>\n<p class=\"\" data-start=\"346\" data-end=\"635\">Ai sensi dell'articolo 6 della legge francese n. 2004-575 del 21 giugno 2004 sulla fiducia nell'economia digitale, gli utenti del sito web sono informati che <a class=\"\" href=\"https:\/\/hotel-du-roc04.fr\/it\/\" target=\"_new\" rel=\"noopener\" data-start=\"493\" data-end=\"546\">www.hotel-du-roc04.fr<\/a> l'identit\u00e0 delle varie parti coinvolte nella sua attuazione e nel suo monitoraggio:<\/p>\n<p class=\"\" data-start=\"637\" data-end=\"786\"><strong data-start=\"637\" data-end=\"676\">Editore e direttore di pubblicazione<\/strong> :<br data-start=\"678\" data-end=\"681\" \/><strong data-start=\"681\" data-end=\"697\">HOTEL DU ROC<\/strong><br data-start=\"697\" data-end=\"700\" \/>3 Place de l'\u00c9glise, 04120 Castellane<br data-start=\"737\" data-end=\"740\" \/>Tel: 04 92 83 62 65<br data-start=\"761\" data-end=\"764\" \/>Siret : 42238517900011<\/p>\n<p class=\"\" data-start=\"788\" data-end=\"934\"><strong data-start=\"788\" data-end=\"817\">Creazione del sito web<\/strong> :<br data-start=\"819\" data-end=\"822\" \/><strong data-start=\"822\" data-end=\"839\">Livada Florin<\/strong><br data-start=\"839\" data-end=\"842\" \/>04120 Castellane<br data-start=\"858\" data-end=\"861\" \/>Sito : <a class=\"\" href=\"https:\/\/www.livada.fr\" target=\"_new\" rel=\"noopener\" data-start=\"868\" data-end=\"906\">www.livada.fr<\/a><br data-start=\"906\" data-end=\"909\" \/>Email : <a class=\"cursor-pointer\" rel=\"noopener\" data-start=\"917\" data-end=\"934\">contact@livada.fr<\/a><\/p>\n<p class=\"\" data-start=\"936\" data-end=\"1030\"><strong data-start=\"936\" data-end=\"949\">Ospite<\/strong> :<br data-start=\"951\" data-end=\"954\" \/>HOSTINGER INTERNATIONAL LTD<br data-start=\"981\" data-end=\"984\" \/>Via Lordou Vironos 61, 6023 Larnaca, Cipro<\/p>\n<h3 class=\"\" data-start=\"1037\" data-end=\"1111\">2. <strong>Termini e condizioni generali di utilizzo del sito e dei servizi offerti<\/strong><\/h3>\n<p class=\"\" data-start=\"1113\" data-end=\"1440\">Utilizzo del sito <a class=\"\" href=\"https:\/\/hotel-du-roc04.fr\/it\/\" target=\"_new\" rel=\"noopener\" data-start=\"1135\" data-end=\"1156\">www.hotel-du-roc04.fr<\/a> e\/o l'applicazione mobile associata implica la piena accettazione delle condizioni generali di utilizzo descritte di seguito.<br data-start=\"1294\" data-end=\"1297\" \/>I presenti termini e condizioni possono essere modificati o integrati in qualsiasi momento, pertanto si consiglia agli utenti di consultarli regolarmente.<\/p>\n<p class=\"\" data-start=\"1442\" data-end=\"1631\">Il sito \u00e8 normalmente accessibile in ogni momento. H\u00d4TEL DU ROC pu\u00f2 decidere di interrompere il sito per motivi di manutenzione e si impegna a comunicare le date e gli orari dell'intervento.<\/p>\n<h3 class=\"\" data-start=\"1638\" data-end=\"1677\">3. <strong>Descrizione dei servizi forniti<\/strong><\/h3>\n<p class=\"\" data-start=\"1679\" data-end=\"1778\">Lo scopo del sito \u00e8 quello di fornire informazioni sulle attivit\u00e0 di H\u00d4TEL DU ROC.<\/p>\n<p class=\"\" data-start=\"1780\" data-end=\"1970\">Tutte le informazioni contenute nel sito sono fornite a titolo informativo e sono soggette a modifiche. Non sono esaustive e possono essere modificate dal momento della messa online.<\/p>\n<h3 class=\"\" data-start=\"1977\" data-end=\"2037\">4. <strong>Limitazioni contrattuali sui dati tecnici<\/strong><\/h3>\n<p class=\"\" data-start=\"2039\" data-end=\"2288\">Il sito utilizza la tecnologia JavaScript.<br data-start=\"2081\" data-end=\"2084\" \/>H\u00d4TEL DU ROC non pu\u00f2 essere ritenuto responsabile di eventuali danni materiali legati all'utilizzo del sito. L'utente si impegna a utilizzare apparecchiature recenti, prive di virus e con un browser aggiornato.<\/p>\n<h3 class=\"\" data-start=\"2295\" data-end=\"2316\">5. <strong>Crediti fotografici<\/strong><\/h3>\n<ul data-start=\"2318\" data-end=\"2389\">\n<li class=\"\" data-start=\"2318\" data-end=\"2352\">\n<p class=\"\" data-start=\"2320\" data-end=\"2352\">Fotolia - Tutti i diritti riservati<\/p>\n<\/li>\n<li class=\"\" data-start=\"2353\" data-end=\"2389\">\n<p class=\"\" data-start=\"2355\" data-end=\"2389\">Adobe Stock - Tutti i diritti riservati<\/p>\n<\/li>\n<\/ul>\n<h3 class=\"\" data-start=\"2396\" data-end=\"2443\">6. <strong>Propriet\u00e0 intellettuale e contraffazione<\/strong><\/h3>\n<p class=\"\" data-start=\"2445\" data-end=\"2675\">\u00c8 vietata la riproduzione, la rappresentazione, la pubblicazione o l'adattamento di tutto o parte del sito web o dell'applicazione mobile, con qualsiasi mezzo o processo, senza il previo consenso scritto di <strong data-start=\"2657\" data-end=\"2674\">Livada Florin<\/strong>.<\/p>\n<p class=\"\" data-start=\"2677\" data-end=\"2862\">Qualsiasi utilizzo non autorizzato sar\u00e0 considerato una violazione e sar\u00e0 perseguito ai sensi degli articoli L.335-2 e seguenti del Codice della Propriet\u00e0 Intellettuale francese.<\/p>\n<h3 class=\"\" data-start=\"2869\" data-end=\"2905\">7. <strong>Limitazione di responsabilit\u00e0<\/strong><\/h3>\n<p class=\"\" data-start=\"2907\" data-end=\"3060\">H\u00d4TEL DU ROC non pu\u00f2 essere ritenuta responsabile per i danni diretti o indiretti causati alle apparecchiature dell'utente o in caso di incompatibilit\u00e0 tecnica.<\/p>\n<p class=\"\" data-start=\"3062\" data-end=\"3340\">Gli utenti hanno a disposizione aree interattive. H\u00d4TEL DU ROC si riserva il diritto di eliminare qualsiasi contenuto contrario alla legislazione francese, in particolare in materia di protezione dei dati, razzismo, insulti, diffamazione o contenuti pornografici.<\/p>\n<h3 class=\"\" data-start=\"3347\" data-end=\"3399\">8. <strong>Elenco delle persone da non chiamare<\/strong><\/h3>\n<p class=\"\" data-start=\"3401\" data-end=\"3631\">\u00c8 possibile iscriversi gratuitamente alla lista nazionale di opposizione al marketing telefonico: <a class=\"\" href=\"https:\/\/www.bloctel.gouv.fr\" target=\"_new\" rel=\"noopener\" data-start=\"3505\" data-end=\"3555\">www.bloctel.gouv.fr<\/a><br data-start=\"3555\" data-end=\"3558\" \/>Oppure scrivere a :<br data-start=\"3571\" data-end=\"3574\" \/>Worldline - Service Bloctel, CS 61311 - 41013 Blois Cedex<\/p>\n<h3 class=\"\" data-start=\"3638\" data-end=\"3673\">9. <strong>Collegamenti ipertestuali e cookie<\/strong><\/h3>\n<p class=\"\" data-start=\"3675\" data-end=\"3812\">Il sito pu\u00f2 contenere collegamenti ipertestuali ad altri siti. H\u00d4TEL DU ROC non \u00e8 in grado di controllare il contenuto di questi siti.<\/p>\n<p class=\"\" data-start=\"3814\" data-end=\"3985\">La navigazione sul sito pu\u00f2 causare l'installazione di cookie. Un cookie \u00e8 un piccolo file che registra informazioni relative alla navigazione.<\/p>\n<p class=\"\" data-start=\"3987\" data-end=\"4143\">Gli utenti possono configurare il proprio browser in modo da rifiutare i cookie. Il rifiuto di installare i cookie pu\u00f2 rendere impossibile l'accesso ad alcuni servizi.<\/p>\n<p class=\"\" data-start=\"4145\" data-end=\"4220\">Per saperne di pi\u00f9, consultate il nostro <a class=\"\" href=\"https:\/\/hotel-du-roc04.fr\/it\/informativa-sulla-privacy\/\" rel=\"noopener\" data-start=\"4182\" data-end=\"4219\">Politica di gestione dei cookie<\/a>.<\/p>\n<h3 class=\"\" data-start=\"4227\" data-end=\"4277\">10.<strong> Protezione dei dati personali - RGPD<\/strong><\/h3>\n<p class=\"\" data-start=\"4279\" data-end=\"4668\"><strong data-start=\"4279\" data-end=\"4308\">Titolare del trattamento dei dati<\/strong> : H\u00d4TEL DU ROC<br data-start=\"4323\" data-end=\"4326\" \/><strong data-start=\"4326\" data-end=\"4353\">Finalit\u00e0 del trattamento<\/strong> gestione delle prenotazioni, richieste di contatto, statistiche sui visitatori.<br data-start=\"4433\" data-end=\"4436\" \/><strong data-start=\"4436\" data-end=\"4451\">Base giuridica<\/strong> : esecuzione di un contratto, interesse legittimo, consenso.<br data-start=\"4509\" data-end=\"4512\" \/><strong data-start=\"4512\" data-end=\"4537\">Durata di conservazione<\/strong> I dati vengono conservati per un periodo non superiore a 3 anni dall'ultimo contatto o dalla fine del rapporto commerciale.<\/p>\n<p class=\"\" data-start=\"4670\" data-end=\"4798\"><strong data-start=\"4670\" data-end=\"4697\">Diritti dell'utente<\/strong> :<br data-start=\"4699\" data-end=\"4702\" \/>Ai sensi del RGPD e della legge francese sulla protezione dei dati, avete i seguenti diritti:<\/p>\n<ul data-start=\"4799\" data-end=\"4996\">\n<li class=\"\" data-start=\"4799\" data-end=\"4846\">\n<p class=\"\" data-start=\"4801\" data-end=\"4846\">Diritto di accesso, rettifica e cancellazione<\/p>\n<\/li>\n<li class=\"\" data-start=\"4847\" data-end=\"4902\">\n<p class=\"\" data-start=\"4849\" data-end=\"4902\">Diritto di limitare e opporsi al trattamento<\/p>\n<\/li>\n<li class=\"\" data-start=\"4903\" data-end=\"4927\">\n<p class=\"\" data-start=\"4905\" data-end=\"4927\">Diritto alla portabilit\u00e0<\/p>\n<\/li>\n<li class=\"\" data-start=\"4928\" data-end=\"4996\">\n<p class=\"\" data-start=\"4930\" data-end=\"4996\">Diritto di presentare un reclamo alla CNIL (<a class=\"\" href=\"http:\/\/www.cnil.fr\" target=\"_new\" rel=\"noopener\" data-start=\"4984\" data-end=\"4995\">www.cnil.fr<\/a>)<\/p>\n<\/li>\n<\/ul>\n<p class=\"\" data-start=\"4998\" data-end=\"5085\">Per esercitare i propri diritti, inviare un'e-mail a : <strong data-start=\"5056\" data-end=\"5085\"><a class=\"cursor-pointer\" rel=\"noopener\" data-start=\"5058\" data-end=\"5083\">contact@hotel-du-roc04.fr<\/a><\/strong><\/p>\n<p class=\"\" data-start=\"5087\" data-end=\"5200\">Nessuna informazione personale viene pubblicata, scambiata, trasferita o venduta a terzi senza il vostro consenso.<\/p>\n<h3 class=\"\" data-start=\"5207\" data-end=\"5246\">11. <strong>Le principali leggi interessate<\/strong><\/h3>\n<ul data-start=\"5248\" data-end=\"5479\">\n<li class=\"\" data-start=\"5248\" data-end=\"5349\">\n<p class=\"\" data-start=\"5250\" data-end=\"5349\">Legge n. 78-17 del 6 gennaio 1978 (modificata) relativa all'informatica, ai file e alle libert\u00e0 civili.<\/p>\n<\/li>\n<li class=\"\" data-start=\"5350\" data-end=\"5401\">\n<p class=\"\" data-start=\"5352\" data-end=\"5401\">Regolamento (UE) 2016\/679 del 27 aprile 2016 (RGPD).<\/p>\n<\/li>\n<li class=\"\" data-start=\"5402\" data-end=\"5479\">\n<p class=\"\" data-start=\"5404\" data-end=\"5479\">Legge n. 2004-575 del 21 giugno 2004 sulla fiducia nell'economia digitale<\/p>\n<\/li>\n<\/ul>\n<h3 class=\"\" data-start=\"5486\" data-end=\"5501\">12. <strong>Lessico<\/strong><\/h3>\n<ul data-start=\"5503\" data-end=\"5662\">\n<li class=\"\" data-start=\"5503\" data-end=\"5567\">\n<p class=\"\" data-start=\"5505\" data-end=\"5567\"><strong data-start=\"5505\" data-end=\"5520\">Utente<\/strong> L'utente Internet che si collega e utilizza il sito.<\/p>\n<\/li>\n<li class=\"\" data-start=\"5568\" data-end=\"5662\">\n<p class=\"\" data-start=\"5570\" data-end=\"5662\"><strong data-start=\"5570\" data-end=\"5599\">Informazioni personali<\/strong> Dati che consentono di identificare una persona fisica.<\/p>\n<\/li>\n<\/ul>\n<h3 class=\"\" data-start=\"5669\" data-end=\"5688\">13. <strong>Partner<\/strong><\/h3>\n<p class=\"\" data-start=\"5690\" data-end=\"5885\">Tutti i partner di H\u00d4TEL DU ROC e di <strong data-start=\"5739\" data-end=\"5756\">Livada Florin<\/strong> visibili nella pagina \"Partner\" hanno il diritto di modificare le proprie informazioni con una semplice richiesta a :<br data-start=\"5865\" data-end=\"5868\" \/><strong data-start=\"5868\" data-end=\"5885\"><a class=\"cursor-pointer\" rel=\"noopener\" data-start=\"5870\" data-end=\"5883\">contact@livada.fr<\/a><\/strong><\/p>\t\t\t\t\t\t\t\t<\/div>\n\t\t\t\t<\/div>\n\t\t\t\t\t<\/div>\n\t\t\t\t<\/div>\n\t\t\t\t<\/div>","protected":false},"excerpt":{"rendered":"<p>Mentions L\u00e9gales 1. Pr\u00e9sentation du site En vertu de l\u2019article 6 de la loi n\u00b0 2004-575 du 21 juin 2004 pour la confiance dans l\u2019\u00e9conomie num\u00e9rique, il est pr\u00e9cis\u00e9 aux utilisateurs du site www.hotel-du-roc04.fr l\u2019identit\u00e9 des diff\u00e9rents intervenants dans le cadre de sa r\u00e9alisation et de son suivi : \u00c9diteur et directeur de publication :H\u00d4TEL [&hellip;]<\/p>\n","protected":false},"author":1,"featured_media":0,"parent":0,"menu_order":0,"comment_status":"closed","ping_status":"closed","template":"","meta":{"footnotes":""},"class_list":["post-1666","page","type-page","status-publish","hentry"],"yoast_head":"<!-- This site is optimized with the Yoast SEO plugin v27.4 - https:\/\/yoast.com\/product\/yoast-seo-wordpress\/ -->\n<title>Mentions L\u00e9gales - H\u00f4tel du Roc Castellane<\/title>\n<meta name=\"robots\" content=\"index, follow, max-snippet:-1, max-image-preview:large, max-video-preview:-1\" \/>\n<link rel=\"canonical\" href=\"https:\/\/hotel-du-roc04.fr\/it\/informazioni-legali\/\" \/>\n<meta property=\"og:locale\" content=\"it_IT\" \/>\n<meta property=\"og:type\" content=\"article\" \/>\n<meta property=\"og:title\" content=\"Mentions L\u00e9gales - H\u00f4tel du Roc Castellane\" \/>\n<meta property=\"og:description\" content=\"Mentions L\u00e9gales 1. Pr\u00e9sentation du site En vertu de l\u2019article 6 de la loi n\u00b0 2004-575 du 21 juin 2004 pour la confiance dans l\u2019\u00e9conomie num\u00e9rique, il est pr\u00e9cis\u00e9 aux utilisateurs du site www.hotel-du-roc04.fr l\u2019identit\u00e9 des diff\u00e9rents intervenants dans le cadre de sa r\u00e9alisation et de son suivi : \u00c9diteur et directeur de publication :H\u00d4TEL [&hellip;]\" \/>\n<meta property=\"og:url\" content=\"https:\/\/hotel-du-roc04.fr\/it\/informazioni-legali\/\" \/>\n<meta property=\"og:site_name\" content=\"H\u00f4tel du Roc Castellane\" \/>\n<meta property=\"article:modified_time\" content=\"2025-04-09T09:48:47+00:00\" \/>\n<meta name=\"twitter:card\" content=\"summary_large_image\" \/>\n<meta name=\"twitter:label1\" content=\"Tempo di lettura stimato\" \/>\n\t<meta name=\"twitter:data1\" content=\"4 minuti\" \/>\n<script type=\"application\/ld+json\" class=\"yoast-schema-graph\">{\"@context\":\"https:\\\/\\\/schema.org\",\"@graph\":[{\"@type\":\"WebPage\",\"@id\":\"https:\\\/\\\/hotel-du-roc04.fr\\\/mentions-legales\\\/\",\"url\":\"https:\\\/\\\/hotel-du-roc04.fr\\\/mentions-legales\\\/\",\"name\":\"Mentions L\u00e9gales - H\u00f4tel du Roc Castellane\",\"isPartOf\":{\"@id\":\"https:\\\/\\\/hotel-du-roc04.fr\\\/#website\"},\"datePublished\":\"2025-04-09T09:04:44+00:00\",\"dateModified\":\"2025-04-09T09:48:47+00:00\",\"breadcrumb\":{\"@id\":\"https:\\\/\\\/hotel-du-roc04.fr\\\/mentions-legales\\\/#breadcrumb\"},\"inLanguage\":\"it-IT\",\"potentialAction\":[{\"@type\":\"ReadAction\",\"target\":[\"https:\\\/\\\/hotel-du-roc04.fr\\\/mentions-legales\\\/\"]}]},{\"@type\":\"BreadcrumbList\",\"@id\":\"https:\\\/\\\/hotel-du-roc04.fr\\\/mentions-legales\\\/#breadcrumb\",\"itemListElement\":[{\"@type\":\"ListItem\",\"position\":1,\"name\":\"Accueil\",\"item\":\"https:\\\/\\\/hotel-du-roc04.fr\\\/\"},{\"@type\":\"ListItem\",\"position\":2,\"name\":\"Mentions L\u00e9gales\"}]},{\"@type\":\"WebSite\",\"@id\":\"https:\\\/\\\/hotel-du-roc04.fr\\\/#website\",\"url\":\"https:\\\/\\\/hotel-du-roc04.fr\\\/\",\"name\":\"H\u00f4tel du Roc \u00e0 Castellane\",\"description\":\"\",\"publisher\":{\"@id\":\"https:\\\/\\\/hotel-du-roc04.fr\\\/#organization\"},\"potentialAction\":[{\"@type\":\"SearchAction\",\"target\":{\"@type\":\"EntryPoint\",\"urlTemplate\":\"https:\\\/\\\/hotel-du-roc04.fr\\\/?s={search_term_string}\"},\"query-input\":{\"@type\":\"PropertyValueSpecification\",\"valueRequired\":true,\"valueName\":\"search_term_string\"}}],\"inLanguage\":\"it-IT\"},{\"@type\":\"Organization\",\"@id\":\"https:\\\/\\\/hotel-du-roc04.fr\\\/#organization\",\"name\":\"H\u00f4tel du Roc \u00e0 Castellane\",\"url\":\"https:\\\/\\\/hotel-du-roc04.fr\\\/\",\"logo\":{\"@type\":\"ImageObject\",\"inLanguage\":\"it-IT\",\"@id\":\"https:\\\/\\\/hotel-du-roc04.fr\\\/#\\\/schema\\\/logo\\\/image\\\/\",\"url\":\"https:\\\/\\\/hotel-du-roc04.fr\\\/wp-content\\\/uploads\\\/2025\\\/05\\\/logo-roc-M-500-1.webp\",\"contentUrl\":\"https:\\\/\\\/hotel-du-roc04.fr\\\/wp-content\\\/uploads\\\/2025\\\/05\\\/logo-roc-M-500-1.webp\",\"width\":500,\"height\":500,\"caption\":\"H\u00f4tel du Roc \u00e0 Castellane\"},\"image\":{\"@id\":\"https:\\\/\\\/hotel-du-roc04.fr\\\/#\\\/schema\\\/logo\\\/image\\\/\"}}]}<\/script>\n<!-- \/ Yoast SEO plugin. -->","yoast_head_json":{"title":"Avviso legale - H\u00f4tel du Roc Castellane","robots":{"index":"index","follow":"follow","max-snippet":"max-snippet:-1","max-image-preview":"max-image-preview:large","max-video-preview":"max-video-preview:-1"},"canonical":"https:\/\/hotel-du-roc04.fr\/it\/informazioni-legali\/","og_locale":"it_IT","og_type":"article","og_title":"Mentions L\u00e9gales - H\u00f4tel du Roc Castellane","og_description":"Mentions L\u00e9gales 1. Pr\u00e9sentation du site En vertu de l\u2019article 6 de la loi n\u00b0 2004-575 du 21 juin 2004 pour la confiance dans l\u2019\u00e9conomie num\u00e9rique, il est pr\u00e9cis\u00e9 aux utilisateurs du site www.hotel-du-roc04.fr l\u2019identit\u00e9 des diff\u00e9rents intervenants dans le cadre de sa r\u00e9alisation et de son suivi : \u00c9diteur et directeur de publication :H\u00d4TEL [&hellip;]","og_url":"https:\/\/hotel-du-roc04.fr\/it\/informazioni-legali\/","og_site_name":"H\u00f4tel du Roc Castellane","article_modified_time":"2025-04-09T09:48:47+00:00","twitter_card":"summary_large_image","twitter_misc":{"Tempo di lettura stimato":"4 minuti"},"schema":{"@context":"https:\/\/schema.org","@graph":[{"@type":"WebPage","@id":"https:\/\/hotel-du-roc04.fr\/mentions-legales\/","url":"https:\/\/hotel-du-roc04.fr\/mentions-legales\/","name":"Avviso legale - H\u00f4tel du Roc Castellane","isPartOf":{"@id":"https:\/\/hotel-du-roc04.fr\/#website"},"datePublished":"2025-04-09T09:04:44+00:00","dateModified":"2025-04-09T09:48:47+00:00","breadcrumb":{"@id":"https:\/\/hotel-du-roc04.fr\/mentions-legales\/#breadcrumb"},"inLanguage":"it-IT","potentialAction":[{"@type":"ReadAction","target":["https:\/\/hotel-du-roc04.fr\/mentions-legales\/"]}]},{"@type":"BreadcrumbList","@id":"https:\/\/hotel-du-roc04.fr\/mentions-legales\/#breadcrumb","itemListElement":[{"@type":"ListItem","position":1,"name":"Accueil","item":"https:\/\/hotel-du-roc04.fr\/"},{"@type":"ListItem","position":2,"name":"Mentions L\u00e9gales"}]},{"@type":"WebSite","@id":"https:\/\/hotel-du-roc04.fr\/#website","url":"https:\/\/hotel-du-roc04.fr\/","name":"H\u00f4tel du Roc a Castellane","description":"","publisher":{"@id":"https:\/\/hotel-du-roc04.fr\/#organization"},"potentialAction":[{"@type":"SearchAction","target":{"@type":"EntryPoint","urlTemplate":"https:\/\/hotel-du-roc04.fr\/?s={search_term_string}"},"query-input":{"@type":"PropertyValueSpecification","valueRequired":true,"valueName":"search_term_string"}}],"inLanguage":"it-IT"},{"@type":"Organization","@id":"https:\/\/hotel-du-roc04.fr\/#organization","name":"H\u00f4tel du Roc a Castellane","url":"https:\/\/hotel-du-roc04.fr\/","logo":{"@type":"ImageObject","inLanguage":"it-IT","@id":"https:\/\/hotel-du-roc04.fr\/#\/schema\/logo\/image\/","url":"https:\/\/hotel-du-roc04.fr\/wp-content\/uploads\/2025\/05\/logo-roc-M-500-1.webp","contentUrl":"https:\/\/hotel-du-roc04.fr\/wp-content\/uploads\/2025\/05\/logo-roc-M-500-1.webp","width":500,"height":500,"caption":"H\u00f4tel du Roc \u00e0 Castellane"},"image":{"@id":"https:\/\/hotel-du-roc04.fr\/#\/schema\/logo\/image\/"}}]}},"_links":{"self":[{"href":"https:\/\/hotel-du-roc04.fr\/it\/wp-json\/wp\/v2\/pages\/1666","targetHints":{"allow":["GET"]}}],"collection":[{"href":"https:\/\/hotel-du-roc04.fr\/it\/wp-json\/wp\/v2\/pages"}],"about":[{"href":"https:\/\/hotel-du-roc04.fr\/it\/wp-json\/wp\/v2\/types\/page"}],"author":[{"embeddable":true,"href":"https:\/\/hotel-du-roc04.fr\/it\/wp-json\/wp\/v2\/users\/1"}],"replies":[{"embeddable":true,"href":"https:\/\/hotel-du-roc04.fr\/it\/wp-json\/wp\/v2\/comments?post=1666"}],"version-history":[{"count":20,"href":"https:\/\/hotel-du-roc04.fr\/it\/wp-json\/wp\/v2\/pages\/1666\/revisions"}],"predecessor-version":[{"id":1690,"href":"https:\/\/hotel-du-roc04.fr\/it\/wp-json\/wp\/v2\/pages\/1666\/revisions\/1690"}],"wp:attachment":[{"href":"https:\/\/hotel-du-roc04.fr\/it\/wp-json\/wp\/v2\/media?parent=1666"}],"curies":[{"name":"wp","href":"https:\/\/api.w.org\/{rel}","templated":true}]}}