{"id":3951,"date":"2025-05-25T19:08:08","date_gmt":"2025-05-25T19:08:08","guid":{"rendered":"https:\/\/hotel-du-roc04.fr\/?page_id=3951"},"modified":"2025-05-25T19:36:24","modified_gmt":"2025-05-25T19:36:24","slug":"restaurante-castellane","status":"publish","type":"page","link":"https:\/\/hotel-du-roc04.fr\/es\/restaurant-castellane\/","title":{"rendered":"Restaurante Castellane"},"content":{"rendered":"<div data-elementor-type=\"wp-page\" data-elementor-id=\"3951\" class=\"elementor elementor-3951\" data-elementor-post-type=\"page\">\n\t\t\t\t<div class=\"elementor-element elementor-element-8699556 e-con-full e-flex e-con e-parent\" data-id=\"8699556\" data-element_type=\"container\" data-e-type=\"container\">\n\t\t\t\t<div class=\"elementor-element elementor-element-7847760 elementor-widget elementor-widget-spacer\" data-id=\"7847760\" data-element_type=\"widget\" data-e-type=\"widget\" data-widget_type=\"spacer.default\">\n\t\t\t\t<div class=\"elementor-widget-container\">\n\t\t\t\t\t\t\t<div class=\"elementor-spacer\">\n\t\t\t<div class=\"elementor-spacer-inner\"><\/div>\n\t\t<\/div>\n\t\t\t\t\t\t<\/div>\n\t\t\t\t<\/div>\n\t\t\t\t<\/div>\n\t\t<div class=\"elementor-element elementor-element-333dadf0 e-flex e-con-boxed e-con e-parent\" data-id=\"333dadf0\" data-element_type=\"container\" data-e-type=\"container\">\n\t\t\t\t\t<div class=\"e-con-inner\">\n\t\t\t\t<div class=\"elementor-element elementor-element-76de863 elementor-widget elementor-widget-heading\" data-id=\"76de863\" data-element_type=\"widget\" data-e-type=\"widget\" data-widget_type=\"heading.default\">\n\t\t\t\t<div class=\"elementor-widget-container\">\n\t\t\t\t\t<h1 class=\"elementor-heading-title elementor-size-default\">Restaurante en Castellane<br> Especialidades locales y portuguesas<\/h1>\t\t\t\t<\/div>\n\t\t\t\t<\/div>\n\t\t\t\t\t<\/div>\n\t\t\t\t<\/div>\n\t\t<div class=\"elementor-element elementor-element-1ca9a43 e-flex e-con-boxed e-con e-parent\" data-id=\"1ca9a43\" data-element_type=\"container\" data-e-type=\"container\">\n\t\t\t\t\t<div class=\"e-con-inner\">\n\t\t\t\t<div class=\"elementor-element elementor-element-d1e1507 elementor-widget elementor-widget-spacer\" data-id=\"d1e1507\" data-element_type=\"widget\" data-e-type=\"widget\" data-widget_type=\"spacer.default\">\n\t\t\t\t<div class=\"elementor-widget-container\">\n\t\t\t\t\t\t\t<div class=\"elementor-spacer\">\n\t\t\t<div class=\"elementor-spacer-inner\"><\/div>\n\t\t<\/div>\n\t\t\t\t\t\t<\/div>\n\t\t\t\t<\/div>\n\t\t\t\t<div class=\"elementor-element elementor-element-f55b5c7 elementor-widget elementor-widget-text-editor\" data-id=\"f55b5c7\" data-element_type=\"widget\" data-e-type=\"widget\" data-widget_type=\"text-editor.default\">\n\t\t\t\t<div class=\"elementor-widget-container\">\n\t\t\t\t\t\t\t\t\t<p>Buscando un buen<strong data-start=\"372\" data-end=\"490\"> restaurante en Castellane <\/strong>\u00bfpara comer o cenar en un entorno acogedor en el coraz\u00f3n del pueblo? Bienvenido a <strong data-start=\"504\" data-end=\"536\">Restaurante del H\u00f4tel du Roc<\/strong>es uno de los mejores lugares de Castellane para disfrutar de una cocina generosa que combina el terru\u00f1o provenzal y la inspiraci\u00f3n portuguesa. De paso por las Gargantas del Verdon, de vacaciones, de excursi\u00f3n o simplemente residente en la regi\u00f3n, nuestro restaurante le ofrece una experiencia gustativa aut\u00e9ntica y acogedora.<\/p>\t\t\t\t\t\t\t\t<\/div>\n\t\t\t\t<\/div>\n\t\t\t\t\t<\/div>\n\t\t\t\t<\/div>\n\t\t\t\t<section class=\"elementor-section elementor-top-section elementor-element elementor-element-28ed6acb elementor-reverse-mobile_extra elementor-reverse-mobile elementor-section-boxed elementor-section-height-default elementor-section-height-default\" data-id=\"28ed6acb\" data-element_type=\"section\" data-e-type=\"section\" data-settings=\"{&quot;background_background&quot;:&quot;classic&quot;}\">\n\t\t\t\t\t\t<div class=\"elementor-container elementor-column-gap-default\">\n\t\t\t\t\t<div class=\"elementor-column elementor-col-50 elementor-top-column elementor-element elementor-element-2db03f71\" data-id=\"2db03f71\" data-element_type=\"column\" data-e-type=\"column\">\n\t\t\t<div class=\"elementor-widget-wrap elementor-element-populated\">\n\t\t\t\t\t\t<div class=\"elementor-element elementor-element-2f641cf elementor-widget-widescreen__width-initial elementor-widget-laptop__width-initial elementor-widget elementor-widget-heading\" data-id=\"2f641cf\" data-element_type=\"widget\" data-e-type=\"widget\" data-widget_type=\"heading.default\">\n\t\t\t\t<div class=\"elementor-widget-container\">\n\t\t\t\t\t<h3 class=\"elementor-heading-title elementor-size-default\">Cocina casera, entre Provenza y Portugal<\/h3>\t\t\t\t<\/div>\n\t\t\t\t<\/div>\n\t\t\t\t<div class=\"elementor-element elementor-element-9251eab elementor-widget-widescreen__width-initial elementor-widget elementor-widget-text-editor\" data-id=\"9251eab\" data-element_type=\"widget\" data-e-type=\"widget\" data-widget_type=\"text-editor.default\">\n\t\t\t\t<div class=\"elementor-widget-container\">\n\t\t\t\t\t\t\t\t\t<p data-start=\"937\" data-end=\"1071\">Nuestro chef homenajea <strong data-start=\"968\" data-end=\"1007\">productos frescos, locales y de temporada<\/strong>cocinado en el local con pasi\u00f3n.<br data-start=\"1041\" data-end=\"1044\" \/>Encontrar\u00e1s un men\u00fa a la carta:<\/p><ul data-start=\"1073\" data-end=\"1348\"><li data-start=\"1073\" data-end=\"1118\"><p data-start=\"1075\" data-end=\"1118\">de <strong data-start=\"1079\" data-end=\"1106\">Especialidades provenzales<\/strong> revisitado,<\/p><\/li><li data-start=\"1119\" data-end=\"1217\"><p data-start=\"1121\" data-end=\"1217\">de <strong data-start=\"1125\" data-end=\"1158\">platos tradicionales portugueses<\/strong> (como la feijoada de pulpo o el bacalao a la portuguesa),<\/p><\/li><li data-start=\"1218\" data-end=\"1257\"><p data-start=\"1220\" data-end=\"1257\">a <strong data-start=\"1223\" data-end=\"1256\">sabroso men\u00fa diario<\/strong>,<\/p><\/li><li data-start=\"1258\" data-end=\"1348\"><p data-start=\"1260\" data-end=\"1348\">as\u00ed como <strong data-start=\"1274\" data-end=\"1293\">postres caseros<\/strong> (rum baba, mousse de chocolate, tarte proven\u00e7ale...).<\/p><\/li><\/ul><p data-start=\"1350\" data-end=\"1459\">Tambi\u00e9n ofrecemos un <strong data-start=\"1379\" data-end=\"1411\">f\u00f3rmula desayuno a 7<\/strong>ideal para empezar el d\u00eda con suavidad.<\/p>\t\t\t\t\t\t\t\t<\/div>\n\t\t\t\t<\/div>\n\t\t\t\t<div class=\"elementor-element elementor-element-b0efd4d elementor-widget-widescreen__width-initial elementor-widget-laptop__width-initial elementor-widget-tablet_extra__width-initial elementor-widget-mobile__width-initial elementor-widget elementor-widget-heading\" data-id=\"b0efd4d\" data-element_type=\"widget\" data-e-type=\"widget\" data-widget_type=\"heading.default\">\n\t\t\t\t<div class=\"elementor-widget-container\">\n\t\t\t\t\t<h3 class=\"elementor-heading-title elementor-size-default\">Un entorno agradable en pleno centro de Castellane<\/h3>\t\t\t\t<\/div>\n\t\t\t\t<\/div>\n\t\t\t\t<div class=\"elementor-element elementor-element-abb171e elementor-widget-widescreen__width-initial elementor-widget elementor-widget-text-editor\" data-id=\"abb171e\" data-element_type=\"widget\" data-e-type=\"widget\" data-widget_type=\"text-editor.default\">\n\t\t\t\t<div class=\"elementor-widget-container\">\n\t\t\t\t\t\t\t\t\t<p data-start=\"1522\" data-end=\"1846\">Instalado en el <strong data-start=\"1538\" data-end=\"1559\">Plaza de la Iglesia<\/strong>Nuestro restaurante goza de una ubicaci\u00f3n privilegiada, a tiro de piedra del ayuntamiento, la oficina de correos y las tiendas del centro.<br data-start=\"1681\" data-end=\"1684\" \/>Aproveche nuestras <strong data-start=\"1702\" data-end=\"1726\">terraza soleada<\/strong> cuando hace buen tiempo, con vistas al Roc Notre-Dame, o sentarse a disfrutar del ambiente c\u00e1lido y familiar.<\/p><p data-start=\"1848\" data-end=\"2053\">Tanto si eres <strong data-start=\"1863\" data-end=\"1902\">en pareja, en familia o con amigos<\/strong>Nuestro equipo le recibir\u00e1 con una sonrisa, incluso en plena temporada. Le recomendamos que <strong data-start=\"1992\" data-end=\"2027\">reserve su mesa con antelaci\u00f3n<\/strong>especialmente en las tardes de verano.<\/p>\t\t\t\t\t\t\t\t<\/div>\n\t\t\t\t<\/div>\n\t\t\t\t\t<\/div>\n\t\t<\/div>\n\t\t\t\t<div class=\"elementor-column elementor-col-50 elementor-top-column elementor-element elementor-element-4456c95c\" data-id=\"4456c95c\" data-element_type=\"column\" data-e-type=\"column\" data-settings=\"{&quot;background_background&quot;:&quot;classic&quot;}\">\n\t\t\t<div class=\"elementor-widget-wrap elementor-element-populated\">\n\t\t\t\t\t\t<div class=\"elementor-element elementor-element-1a9cd0ea elementor-widget-widescreen__width-initial elementor-widget-tablet__width-initial elementor-widget elementor-widget-spacer\" data-id=\"1a9cd0ea\" data-element_type=\"widget\" data-e-type=\"widget\" data-widget_type=\"spacer.default\">\n\t\t\t\t<div class=\"elementor-widget-container\">\n\t\t\t\t\t\t\t<div class=\"elementor-spacer\">\n\t\t\t<div class=\"elementor-spacer-inner\"><\/div>\n\t\t<\/div>\n\t\t\t\t\t\t<\/div>\n\t\t\t\t<\/div>\n\t\t\t\t\t<\/div>\n\t\t<\/div>\n\t\t\t\t\t<\/div>\n\t\t<\/section>\n\t\t<div class=\"elementor-element elementor-element-b49dd89 e-flex e-con-boxed e-con e-parent\" data-id=\"b49dd89\" data-element_type=\"container\" data-e-type=\"container\">\n\t\t\t\t\t<div class=\"e-con-inner\">\n\t\t<div class=\"elementor-element elementor-element-4ed1908 e-grid e-con-full e-con e-child\" data-id=\"4ed1908\" data-element_type=\"container\" data-e-type=\"container\">\n\t\t<div class=\"elementor-element elementor-element-25b1f2e e-con-full e-flex e-con e-child\" data-id=\"25b1f2e\" data-element_type=\"container\" data-e-type=\"container\">\n\t\t\t\t<div class=\"elementor-element elementor-element-29468e7 elementor-widget elementor-widget-heading\" data-id=\"29468e7\" data-element_type=\"widget\" data-e-type=\"widget\" data-widget_type=\"heading.default\">\n\t\t\t\t<div class=\"elementor-widget-container\">\n\t\t\t\t\t<h2 class=\"elementor-heading-title elementor-size-default\">Uno de los restaurantes mejor valorados de Castellane<\/h2>\t\t\t\t<\/div>\n\t\t\t\t<\/div>\n\t\t\t\t<div class=\"elementor-element elementor-element-cc4b20f elementor-widget elementor-widget-text-editor\" data-id=\"cc4b20f\" data-element_type=\"widget\" data-e-type=\"widget\" data-widget_type=\"text-editor.default\">\n\t\t\t\t<div class=\"elementor-widget-container\">\n\t\t\t\t\t\t\t\t\t<p data-start=\"2115\" data-end=\"2156\">Nuestros clientes aprecian especialmente :<\/p><ul data-start=\"2158\" data-end=\"2325\"><li data-start=\"2158\" data-end=\"2180\"><p data-start=\"2160\" data-end=\"2180\">la amistosa bienvenida,<\/p><\/li><li data-start=\"2181\" data-end=\"2211\"><p data-start=\"2183\" data-end=\"2211\">el <strong data-start=\"2186\" data-end=\"2210\">relaci\u00f3n calidad-precio<\/strong>,<\/p><\/li><li data-start=\"2212\" data-end=\"2242\"><p data-start=\"2214\" data-end=\"2242\">la generosidad de los platos,<\/p><\/li><li data-start=\"2243\" data-end=\"2279\"><p data-start=\"2245\" data-end=\"2279\">el <strong data-start=\"2248\" data-end=\"2278\">servicio r\u00e1pido y atento<\/strong>,<\/p><\/li><li data-start=\"2280\" data-end=\"2325\"><p data-start=\"2282\" data-end=\"2325\">el <strong data-start=\"2285\" data-end=\"2324\">la limpieza y sencillez de las instalaciones<\/strong>.<\/p><\/li><\/ul><p data-start=\"2327\" data-end=\"2463\">Estamos orgullosos de contar con <strong data-start=\"2360\" data-end=\"2385\">valoraci\u00f3n media de 4,8\/5<\/strong> en Google y recomendada por numerosas gu\u00edas de viaje y rese\u00f1as.<\/p>\t\t\t\t\t\t\t\t<\/div>\n\t\t\t\t<\/div>\n\t\t\t\t<\/div>\n\t\t<div class=\"elementor-element elementor-element-702d761 e-con-full e-flex e-con e-child\" data-id=\"702d761\" data-element_type=\"container\" data-e-type=\"container\">\n\t\t\t\t<div class=\"elementor-element elementor-element-9bf7b59 elementor-widget elementor-widget-heading\" data-id=\"9bf7b59\" data-element_type=\"widget\" data-e-type=\"widget\" data-widget_type=\"heading.default\">\n\t\t\t\t<div class=\"elementor-widget-container\">\n\t\t\t\t\t<h2 class=\"elementor-heading-title elementor-size-default\">\u00bfPor qu\u00e9 elegir nuestro restaurante en Castellane?<\/h2>\t\t\t\t<\/div>\n\t\t\t\t<\/div>\n\t\t\t\t<div class=\"elementor-element elementor-element-e03ebd0 elementor-widget elementor-widget-text-editor\" data-id=\"e03ebd0\" data-element_type=\"widget\" data-e-type=\"widget\" data-widget_type=\"text-editor.default\">\n\t\t\t\t<div class=\"elementor-widget-container\">\n\t\t\t\t\t\t\t\t\t<ul><li data-start=\"2821\" data-end=\"2863\"><p data-start=\"2823\" data-end=\"2863\">Cocina casera, abundante y sabrosa<\/p><\/li><li data-start=\"2864\" data-end=\"2914\"><p data-start=\"2866\" data-end=\"2914\">Especialidades portuguesas \u00fanicas en la regi\u00f3n<\/p><\/li><li data-start=\"2915\" data-end=\"2952\"><p data-start=\"2917\" data-end=\"2952\">Ubicaci\u00f3n ideal en el centro de la ciudad<\/p><\/li><li data-start=\"2953\" data-end=\"2993\"><p data-start=\"2955\" data-end=\"2993\">Una c\u00e1lida bienvenida y un servicio excelente<\/p><\/li><li data-start=\"2994\" data-end=\"3028\"><p data-start=\"2996\" data-end=\"3028\">Excelente relaci\u00f3n calidad-precio<\/p><\/li><li data-start=\"3029\" data-end=\"3058\"><p data-start=\"3031\" data-end=\"3058\">Un ambiente tranquilo y familiar<\/p><\/li><\/ul>\t\t\t\t\t\t\t\t<\/div>\n\t\t\t\t<\/div>\n\t\t\t\t<\/div>\n\t\t\t\t<\/div>\n\t\t\t\t\t<\/div>\n\t\t\t\t<\/div>\n\t\t<div class=\"elementor-element elementor-element-8c1ce29 e-flex e-con-boxed e-con e-parent\" data-id=\"8c1ce29\" data-element_type=\"container\" data-e-type=\"container\">\n\t\t\t\t\t<div class=\"e-con-inner\">\n\t\t\t\t<div class=\"elementor-element elementor-element-3df011a elementor-widget elementor-widget-heading\" data-id=\"3df011a\" data-element_type=\"widget\" data-e-type=\"widget\" data-widget_type=\"heading.default\">\n\t\t\t\t<div class=\"elementor-widget-container\">\n\t\t\t\t\t<h2 class=\"elementor-heading-title elementor-size-default\"> Reserve ya su mesa<\/h2>\t\t\t\t<\/div>\n\t\t\t\t<\/div>\n\t\t\t\t<div class=\"elementor-element elementor-element-55c708c elementor-widget elementor-widget-text-editor\" data-id=\"55c708c\" data-element_type=\"widget\" data-e-type=\"widget\" data-widget_type=\"text-editor.default\">\n\t\t\t\t<div class=\"elementor-widget-container\">\n\t\t\t\t\t\t\t\t\t<p data-start=\"2514\" data-end=\"2758\">\u00bfDesea disfrutar de una buena comida en Castellane?<\/p><p data-start=\"2514\" data-end=\"2758\"><br data-start=\"2580\" data-end=\"2583\" \/>Le <strong data-start=\"2586\" data-end=\"2618\">Restaurante del H\u00f4tel du Roc<\/strong> le da la bienvenida para el almuerzo y la cena (cerrado los lunes).<\/p><p data-start=\"2514\" data-end=\"2758\"><br data-start=\"2681\" data-end=\"2684\" \/>Reservas por tel\u00e9fono <strong data-start=\"2714\" data-end=\"2732\">04 92 83 62 65<\/strong> o directamente in situ.<\/p>\t\t\t\t\t\t\t\t<\/div>\n\t\t\t\t<\/div>\n\t\t\t\t<div class=\"elementor-element elementor-element-e89e79d elementor-widget elementor-widget-text-editor\" data-id=\"e89e79d\" data-element_type=\"widget\" data-e-type=\"widget\" data-widget_type=\"text-editor.default\">\n\t\t\t\t<div class=\"elementor-widget-container\">\n\t\t\t\t\t\t\t\t\t<p data-start=\"2514\" data-end=\"2758\">Restaurante Castellane | H\u00f4tel du Roc - El sabor de lo aut\u00e9ntico, una bienvenida de coraz\u00f3n.<\/p>\t\t\t\t\t\t\t\t<\/div>\n\t\t\t\t<\/div>\n\t\t\t\t\t<\/div>\n\t\t\t\t<\/div>\n\t\t\t\t<\/div>","protected":false},"excerpt":{"rendered":"<p>Restaurant \u00e0 Castellane Sp\u00e9cialit\u00e9s locales &amp; portugaises Vous cherchez un bon restaurant \u00e0 Castellane pour d\u00e9jeuner ou d\u00eener dans un cadre chaleureux, au c\u0153ur du village ? Bienvenue au restaurant de l\u2019H\u00f4tel du Roc, l\u2019une des meilleures adresses de Castellane pour savourer une cuisine g\u00e9n\u00e9reuse m\u00ealant terroir proven\u00e7al et inspirations portugaises. Que vous soyez de [&hellip;]<\/p>\n","protected":false},"author":1,"featured_media":0,"parent":0,"menu_order":0,"comment_status":"closed","ping_status":"closed","template":"","meta":{"footnotes":""},"class_list":["post-3951","page","type-page","status-publish","hentry"],"_links":{"self":[{"href":"https:\/\/hotel-du-roc04.fr\/es\/wp-json\/wp\/v2\/pages\/3951","targetHints":{"allow":["GET"]}}],"collection":[{"href":"https:\/\/hotel-du-roc04.fr\/es\/wp-json\/wp\/v2\/pages"}],"about":[{"href":"https:\/\/hotel-du-roc04.fr\/es\/wp-json\/wp\/v2\/types\/page"}],"author":[{"embeddable":true,"href":"https:\/\/hotel-du-roc04.fr\/es\/wp-json\/wp\/v2\/users\/1"}],"replies":[{"embeddable":true,"href":"https:\/\/hotel-du-roc04.fr\/es\/wp-json\/wp\/v2\/comments?post=3951"}],"version-history":[{"count":10,"href":"https:\/\/hotel-du-roc04.fr\/es\/wp-json\/wp\/v2\/pages\/3951\/revisions"}],"predecessor-version":[{"id":3975,"href":"https:\/\/hotel-du-roc04.fr\/es\/wp-json\/wp\/v2\/pages\/3951\/revisions\/3975"}],"wp:attachment":[{"href":"https:\/\/hotel-du-roc04.fr\/es\/wp-json\/wp\/v2\/media?parent=3951"}],"curies":[{"name":"wp","href":"https:\/\/api.w.org\/{rel}","templated":true}]}}