{"id":1666,"date":"2025-04-09T09:04:44","date_gmt":"2025-04-09T09:04:44","guid":{"rendered":"https:\/\/hotel-du-roc04.com\/?page_id=1666"},"modified":"2025-04-09T09:48:47","modified_gmt":"2025-04-09T09:48:47","slug":"informacion-legal","status":"publish","type":"page","link":"https:\/\/hotel-du-roc04.fr\/es\/mentions-legales\/","title":{"rendered":"Aviso legal"},"content":{"rendered":"<div data-elementor-type=\"wp-page\" data-elementor-id=\"1666\" class=\"elementor elementor-1666\" data-elementor-post-type=\"page\">\n\t\t\t\t<div class=\"elementor-element elementor-element-8699556 e-con-full e-flex e-con e-parent\" data-id=\"8699556\" data-element_type=\"container\" data-e-type=\"container\">\n\t\t\t\t<div class=\"elementor-element elementor-element-7847760 elementor-widget elementor-widget-spacer\" data-id=\"7847760\" data-element_type=\"widget\" data-e-type=\"widget\" data-widget_type=\"spacer.default\">\n\t\t\t\t<div class=\"elementor-widget-container\">\n\t\t\t\t\t\t\t<div class=\"elementor-spacer\">\n\t\t\t<div class=\"elementor-spacer-inner\"><\/div>\n\t\t<\/div>\n\t\t\t\t\t\t<\/div>\n\t\t\t\t<\/div>\n\t\t\t\t<\/div>\n\t\t<div class=\"elementor-element elementor-element-333dadf0 e-flex e-con-boxed e-con e-parent\" data-id=\"333dadf0\" data-element_type=\"container\" data-e-type=\"container\">\n\t\t\t\t\t<div class=\"e-con-inner\">\n\t\t\t\t<div class=\"elementor-element elementor-element-76de863 elementor-widget elementor-widget-heading\" data-id=\"76de863\" data-element_type=\"widget\" data-e-type=\"widget\" data-widget_type=\"heading.default\">\n\t\t\t\t<div class=\"elementor-widget-container\">\n\t\t\t\t\t<h2 class=\"elementor-heading-title elementor-size-default\">Aviso legal<\/h2>\t\t\t\t<\/div>\n\t\t\t\t<\/div>\n\t\t\t\t<div class=\"elementor-element elementor-element-6535712a elementor-widget elementor-widget-text-editor\" data-id=\"6535712a\" data-element_type=\"widget\" data-e-type=\"widget\" data-widget_type=\"text-editor.default\">\n\t\t\t\t<div class=\"elementor-widget-container\">\n\t\t\t\t\t\t\t\t\t\n<h3 class=\"wp-block-heading\" data-start=\"317\" data-end=\"344\">1. <strong>Presentaci\u00f3n del sitio<\/strong><\/h3>\n<p class=\"\" data-start=\"346\" data-end=\"635\">De conformidad con el art\u00edculo 6 de la Ley francesa n\u00ba 2004-575, de 21 de junio de 2004, sobre la confianza en la econom\u00eda digital, se informa a los usuarios del sitio web de que <a class=\"\" href=\"https:\/\/hotel-du-roc04.fr\/es\/\" target=\"_new\" rel=\"noopener\" data-start=\"493\" data-end=\"546\">www.hotel-du-roc04.fr<\/a> la identidad de las distintas partes implicadas en su aplicaci\u00f3n y control:<\/p>\n<p class=\"\" data-start=\"637\" data-end=\"786\"><strong data-start=\"637\" data-end=\"676\">Editor y Director de Publicaciones<\/strong> :<br data-start=\"678\" data-end=\"681\" \/><strong data-start=\"681\" data-end=\"697\">HOTEL DU ROC<\/strong><br data-start=\"697\" data-end=\"700\" \/>3 Place de l'\u00c9glise, 04120 Castellane<br data-start=\"737\" data-end=\"740\" \/>Tel\u00e9fono: 04 92 83 62 65<br data-start=\"761\" data-end=\"764\" \/>Siret : 42238517900011<\/p>\n<p class=\"\" data-start=\"788\" data-end=\"934\"><strong data-start=\"788\" data-end=\"817\">Creaci\u00f3n del sitio web<\/strong> :<br data-start=\"819\" data-end=\"822\" \/><strong data-start=\"822\" data-end=\"839\">Livada Florin<\/strong><br data-start=\"839\" data-end=\"842\" \/>04120 Castellane<br data-start=\"858\" data-end=\"861\" \/>Lugar : <a class=\"\" href=\"https:\/\/www.livada.fr\" target=\"_new\" rel=\"noopener\" data-start=\"868\" data-end=\"906\">www.livada.fr<\/a><br data-start=\"906\" data-end=\"909\" \/>Correo electr\u00f3nico : <a class=\"cursor-pointer\" rel=\"noopener\" data-start=\"917\" data-end=\"934\">contact@livada.fr<\/a><\/p>\n<p class=\"\" data-start=\"936\" data-end=\"1030\"><strong data-start=\"936\" data-end=\"949\">Anfitri\u00f3n<\/strong> :<br data-start=\"951\" data-end=\"954\" \/>HOSTINGER INTERNATIONAL LTD<br data-start=\"981\" data-end=\"984\" \/>Calle Lordou Vironos, 61, 6023 Larnaca, Chipre<\/p>\n<h3 class=\"\" data-start=\"1037\" data-end=\"1111\">2. <strong>Condiciones generales de uso del sitio y de los servicios ofrecidos<\/strong><\/h3>\n<p class=\"\" data-start=\"1113\" data-end=\"1440\">Uso del sitio <a class=\"\" href=\"https:\/\/hotel-du-roc04.fr\/es\/\" target=\"_new\" rel=\"noopener\" data-start=\"1135\" data-end=\"1156\">www.hotel-du-roc04.fr<\/a> y\/o la aplicaci\u00f3n m\u00f3vil asociada implica la plena aceptaci\u00f3n de las condiciones generales de uso que se describen a continuaci\u00f3n.<br data-start=\"1294\" data-end=\"1297\" \/>Estas condiciones pueden modificarse o completarse en cualquier momento, por lo que se aconseja a los usuarios que las consulten peri\u00f3dicamente.<\/p>\n<p class=\"\" data-start=\"1442\" data-end=\"1631\">El sitio es normalmente accesible en todo momento. H\u00d4TEL DU ROC puede decidir interrumpir el sitio por motivos de mantenimiento, y se esforzar\u00e1 por comunicar las fechas y horas de la intervenci\u00f3n.<\/p>\n<h3 class=\"\" data-start=\"1638\" data-end=\"1677\">3. <strong>Descripci\u00f3n de los servicios prestados<\/strong><\/h3>\n<p class=\"\" data-start=\"1679\" data-end=\"1778\">El objetivo de este sitio es proporcionar informaci\u00f3n sobre las actividades de H\u00d4TEL DU ROC.<\/p>\n<p class=\"\" data-start=\"1780\" data-end=\"1970\">Toda la informaci\u00f3n que figura en el sitio se facilita a t\u00edtulo informativo y est\u00e1 sujeta a cambios. No es exhaustiva y puede sufrir modificaciones desde su puesta en l\u00ednea.<\/p>\n<h3 class=\"\" data-start=\"1977\" data-end=\"2037\">4. <strong>Limitaciones contractuales de los datos t\u00e9cnicos<\/strong><\/h3>\n<p class=\"\" data-start=\"2039\" data-end=\"2288\">El sitio utiliza la tecnolog\u00eda JavaScript.<br data-start=\"2081\" data-end=\"2084\" \/>H\u00d4TEL DU ROC no se hace responsable de los da\u00f1os materiales relacionados con el uso del sitio. El usuario se compromete a utilizar equipos recientes, sin virus y con un navegador actualizado.<\/p>\n<h3 class=\"\" data-start=\"2295\" data-end=\"2316\">5. <strong>Fotos<\/strong><\/h3>\n<ul data-start=\"2318\" data-end=\"2389\">\n<li class=\"\" data-start=\"2318\" data-end=\"2352\">\n<p class=\"\" data-start=\"2320\" data-end=\"2352\">Fotolia - Todos los derechos reservados<\/p>\n<\/li>\n<li class=\"\" data-start=\"2353\" data-end=\"2389\">\n<p class=\"\" data-start=\"2355\" data-end=\"2389\">Adobe Stock - Todos los derechos reservados<\/p>\n<\/li>\n<\/ul>\n<h3 class=\"\" data-start=\"2396\" data-end=\"2443\">6. <strong>Propiedad intelectual y falsificaci\u00f3n<\/strong><\/h3>\n<p class=\"\" data-start=\"2445\" data-end=\"2675\">Queda prohibida toda reproducci\u00f3n, representaci\u00f3n, publicaci\u00f3n o adaptaci\u00f3n total o parcial del sitio web o de la aplicaci\u00f3n m\u00f3vil, por cualquier medio o procedimiento, sin el consentimiento previo por escrito de <strong data-start=\"2657\" data-end=\"2674\">Livada Florin<\/strong>.<\/p>\n<p class=\"\" data-start=\"2677\" data-end=\"2862\">Cualquier uso no autorizado se considerar\u00e1 una infracci\u00f3n y se perseguir\u00e1 de conformidad con los art\u00edculos L.335-2 y siguientes del C\u00f3digo de la Propiedad Intelectual franc\u00e9s.<\/p>\n<h3 class=\"\" data-start=\"2869\" data-end=\"2905\">7. <strong>Limitaci\u00f3n de responsabilidad<\/strong><\/h3>\n<p class=\"\" data-start=\"2907\" data-end=\"3060\">H\u00d4TEL DU ROC no podr\u00e1 ser considerada responsable de los da\u00f1os directos o indirectos causados al equipo del usuario o en caso de incompatibilidad t\u00e9cnica.<\/p>\n<p class=\"\" data-start=\"3062\" data-end=\"3340\">Hay zonas interactivas a disposici\u00f3n de los usuarios. H\u00d4TEL DU ROC se reserva el derecho de suprimir cualquier contenido contrario a la legislaci\u00f3n francesa, en particular en materia de protecci\u00f3n de datos, racismo, insultos, difamaci\u00f3n o contenido pornogr\u00e1fico.<\/p>\n<h3 class=\"\" data-start=\"3347\" data-end=\"3399\">8. <strong>Lista de no llamar<\/strong><\/h3>\n<p class=\"\" data-start=\"3401\" data-end=\"3631\">Puede inscribirse gratuitamente en la lista nacional de oposici\u00f3n al marketing telef\u00f3nico: <a class=\"\" href=\"https:\/\/www.bloctel.gouv.fr\" target=\"_new\" rel=\"noopener\" data-start=\"3505\" data-end=\"3555\">www.bloctel.gouv.fr<\/a><br data-start=\"3555\" data-end=\"3558\" \/>O escriba a :<br data-start=\"3571\" data-end=\"3574\" \/>Worldline - Servicio Bloctel, CS 61311 - 41013 Blois Cedex<\/p>\n<h3 class=\"\" data-start=\"3638\" data-end=\"3673\">9. <strong>Hiperenlaces y cookies<\/strong><\/h3>\n<p class=\"\" data-start=\"3675\" data-end=\"3812\">El sitio puede contener enlaces de hipertexto hacia otros sitios. H\u00d4TEL DU ROC no puede controlar el contenido de estos sitios.<\/p>\n<p class=\"\" data-start=\"3814\" data-end=\"3985\">La navegaci\u00f3n por el sitio puede provocar la instalaci\u00f3n de cookies. Una cookie es un peque\u00f1o archivo que registra informaci\u00f3n relativa a la navegaci\u00f3n.<\/p>\n<p class=\"\" data-start=\"3987\" data-end=\"4143\">Los usuarios pueden configurar su navegador para rechazar las cookies. Rechazar la instalaci\u00f3n de cookies puede imposibilitar el acceso a determinados servicios.<\/p>\n<p class=\"\" data-start=\"4145\" data-end=\"4220\">Para m\u00e1s informaci\u00f3n, consulte nuestro <a class=\"\" href=\"https:\/\/hotel-du-roc04.fr\/es\/politica-de-privacidad\/\" rel=\"noopener\" data-start=\"4182\" data-end=\"4219\">Pol\u00edtica de gesti\u00f3n de cookies<\/a>.<\/p>\n<h3 class=\"\" data-start=\"4227\" data-end=\"4277\">10.<strong> Protecci\u00f3n de datos personales - RGPD<\/strong><\/h3>\n<p class=\"\" data-start=\"4279\" data-end=\"4668\"><strong data-start=\"4279\" data-end=\"4308\">Controlador de datos<\/strong> : H\u00d4TEL DU ROC<br data-start=\"4323\" data-end=\"4326\" \/><strong data-start=\"4326\" data-end=\"4353\">Finalidad del tratamiento<\/strong> gesti\u00f3n de reservas, solicitudes de contacto, estad\u00edsticas de visitas.<br data-start=\"4433\" data-end=\"4436\" \/><strong data-start=\"4436\" data-end=\"4451\">Base jur\u00eddica<\/strong> ejecuci\u00f3n de un contrato, inter\u00e9s leg\u00edtimo, consentimiento.<br data-start=\"4509\" data-end=\"4512\" \/><strong data-start=\"4512\" data-end=\"4537\">Caducidad<\/strong> Los datos se conservan durante un periodo no superior a 3 a\u00f1os tras el \u00faltimo contacto o el fin de la relaci\u00f3n comercial.<\/p>\n<p class=\"\" data-start=\"4670\" data-end=\"4798\"><strong data-start=\"4670\" data-end=\"4697\">Derechos de los usuarios<\/strong> :<br data-start=\"4699\" data-end=\"4702\" \/>De conformidad con el RGPD y la Ley francesa de Protecci\u00f3n de Datos, usted tiene los siguientes derechos:<\/p>\n<ul data-start=\"4799\" data-end=\"4996\">\n<li class=\"\" data-start=\"4799\" data-end=\"4846\">\n<p class=\"\" data-start=\"4801\" data-end=\"4846\">Derecho de acceso, rectificaci\u00f3n y supresi\u00f3n<\/p>\n<\/li>\n<li class=\"\" data-start=\"4847\" data-end=\"4902\">\n<p class=\"\" data-start=\"4849\" data-end=\"4902\">Derecho de limitaci\u00f3n y oposici\u00f3n al tratamiento<\/p>\n<\/li>\n<li class=\"\" data-start=\"4903\" data-end=\"4927\">\n<p class=\"\" data-start=\"4905\" data-end=\"4927\">Derecho a la portabilidad<\/p>\n<\/li>\n<li class=\"\" data-start=\"4928\" data-end=\"4996\">\n<p class=\"\" data-start=\"4930\" data-end=\"4996\">Derecho a presentar una reclamaci\u00f3n ante la CNIL (<a class=\"\" href=\"http:\/\/www.cnil.fr\" target=\"_new\" rel=\"noopener\" data-start=\"4984\" data-end=\"4995\">www.cnil.fr<\/a>)<\/p>\n<\/li>\n<\/ul>\n<p class=\"\" data-start=\"4998\" data-end=\"5085\">Para ejercer sus derechos, env\u00ede un correo electr\u00f3nico a : <strong data-start=\"5056\" data-end=\"5085\"><a class=\"cursor-pointer\" rel=\"noopener\" data-start=\"5058\" data-end=\"5083\">contact@hotel-du-roc04.fr<\/a><\/strong><\/p>\n<p class=\"\" data-start=\"5087\" data-end=\"5200\">Ninguna informaci\u00f3n personal se publica, intercambia, transfiere o vende a terceros sin su consentimiento.<\/p>\n<h3 class=\"\" data-start=\"5207\" data-end=\"5246\">11. <strong>Las principales leyes afectadas<\/strong><\/h3>\n<ul data-start=\"5248\" data-end=\"5479\">\n<li class=\"\" data-start=\"5248\" data-end=\"5349\">\n<p class=\"\" data-start=\"5250\" data-end=\"5349\">Ley n\u00ba 78-17 de 6 de enero de 1978 (modificada) relativa a la inform\u00e1tica, los ficheros y las libertades<\/p>\n<\/li>\n<li class=\"\" data-start=\"5350\" data-end=\"5401\">\n<p class=\"\" data-start=\"5352\" data-end=\"5401\">Reglamento (UE) 2016\/679, de 27 de abril de 2016 (RGPD).<\/p>\n<\/li>\n<li class=\"\" data-start=\"5402\" data-end=\"5479\">\n<p class=\"\" data-start=\"5404\" data-end=\"5479\">Ley n\u00ba 2004-575 de 21 de junio de 2004 sobre la confianza en la econom\u00eda digital<\/p>\n<\/li>\n<\/ul>\n<h3 class=\"\" data-start=\"5486\" data-end=\"5501\">12. <strong>L\u00e9xico<\/strong><\/h3>\n<ul data-start=\"5503\" data-end=\"5662\">\n<li class=\"\" data-start=\"5503\" data-end=\"5567\">\n<p class=\"\" data-start=\"5505\" data-end=\"5567\"><strong data-start=\"5505\" data-end=\"5520\">Usuario<\/strong> Usuario de Internet que se conecta y utiliza el sitio.<\/p>\n<\/li>\n<li class=\"\" data-start=\"5568\" data-end=\"5662\">\n<p class=\"\" data-start=\"5570\" data-end=\"5662\"><strong data-start=\"5570\" data-end=\"5599\">Informaci\u00f3n personal<\/strong> Datos que permiten identificar a una persona f\u00edsica.<\/p>\n<\/li>\n<\/ul>\n<h3 class=\"\" data-start=\"5669\" data-end=\"5688\">13. <strong>Socios<\/strong><\/h3>\n<p class=\"\" data-start=\"5690\" data-end=\"5885\">Todos los socios de H\u00d4TEL DU ROC y de <strong data-start=\"5739\" data-end=\"5756\">Livada Florin<\/strong> visibles en la p\u00e1gina \"Socios\" tienen derecho a modificar su informaci\u00f3n mediante simple solicitud a :<br data-start=\"5865\" data-end=\"5868\" \/><strong data-start=\"5868\" data-end=\"5885\"><a class=\"cursor-pointer\" rel=\"noopener\" data-start=\"5870\" data-end=\"5883\">contact@livada.fr<\/a><\/strong><\/p>\t\t\t\t\t\t\t\t<\/div>\n\t\t\t\t<\/div>\n\t\t\t\t\t<\/div>\n\t\t\t\t<\/div>\n\t\t\t\t<\/div>","protected":false},"excerpt":{"rendered":"<p>Mentions L\u00e9gales 1. Pr\u00e9sentation du site En vertu de l\u2019article 6 de la loi n\u00b0 2004-575 du 21 juin 2004 pour la confiance dans l\u2019\u00e9conomie num\u00e9rique, il est pr\u00e9cis\u00e9 aux utilisateurs du site www.hotel-du-roc04.fr l\u2019identit\u00e9 des diff\u00e9rents intervenants dans le cadre de sa r\u00e9alisation et de son suivi : \u00c9diteur et directeur de publication :H\u00d4TEL [&hellip;]<\/p>\n","protected":false},"author":1,"featured_media":0,"parent":0,"menu_order":0,"comment_status":"closed","ping_status":"closed","template":"","meta":{"footnotes":""},"class_list":["post-1666","page","type-page","status-publish","hentry"],"yoast_head":"<!-- This site is optimized with the Yoast SEO plugin v27.4 - https:\/\/yoast.com\/product\/yoast-seo-wordpress\/ -->\n<title>Mentions L\u00e9gales - H\u00f4tel du Roc Castellane<\/title>\n<meta name=\"robots\" content=\"index, follow, max-snippet:-1, max-image-preview:large, max-video-preview:-1\" \/>\n<link rel=\"canonical\" href=\"https:\/\/hotel-du-roc04.fr\/es\/informacion-legal\/\" \/>\n<meta property=\"og:locale\" content=\"es_ES\" \/>\n<meta property=\"og:type\" content=\"article\" \/>\n<meta property=\"og:title\" content=\"Mentions L\u00e9gales - H\u00f4tel du Roc Castellane\" \/>\n<meta property=\"og:description\" content=\"Mentions L\u00e9gales 1. Pr\u00e9sentation du site En vertu de l\u2019article 6 de la loi n\u00b0 2004-575 du 21 juin 2004 pour la confiance dans l\u2019\u00e9conomie num\u00e9rique, il est pr\u00e9cis\u00e9 aux utilisateurs du site www.hotel-du-roc04.fr l\u2019identit\u00e9 des diff\u00e9rents intervenants dans le cadre de sa r\u00e9alisation et de son suivi : \u00c9diteur et directeur de publication :H\u00d4TEL [&hellip;]\" \/>\n<meta property=\"og:url\" content=\"https:\/\/hotel-du-roc04.fr\/es\/informacion-legal\/\" \/>\n<meta property=\"og:site_name\" content=\"H\u00f4tel du Roc Castellane\" \/>\n<meta property=\"article:modified_time\" content=\"2025-04-09T09:48:47+00:00\" \/>\n<meta name=\"twitter:card\" content=\"summary_large_image\" \/>\n<meta name=\"twitter:label1\" content=\"Tiempo de lectura\" \/>\n\t<meta name=\"twitter:data1\" content=\"4 minutos\" \/>\n<script type=\"application\/ld+json\" class=\"yoast-schema-graph\">{\"@context\":\"https:\\\/\\\/schema.org\",\"@graph\":[{\"@type\":\"WebPage\",\"@id\":\"https:\\\/\\\/hotel-du-roc04.fr\\\/mentions-legales\\\/\",\"url\":\"https:\\\/\\\/hotel-du-roc04.fr\\\/mentions-legales\\\/\",\"name\":\"Mentions L\u00e9gales - H\u00f4tel du Roc Castellane\",\"isPartOf\":{\"@id\":\"https:\\\/\\\/hotel-du-roc04.fr\\\/#website\"},\"datePublished\":\"2025-04-09T09:04:44+00:00\",\"dateModified\":\"2025-04-09T09:48:47+00:00\",\"breadcrumb\":{\"@id\":\"https:\\\/\\\/hotel-du-roc04.fr\\\/mentions-legales\\\/#breadcrumb\"},\"inLanguage\":\"es\",\"potentialAction\":[{\"@type\":\"ReadAction\",\"target\":[\"https:\\\/\\\/hotel-du-roc04.fr\\\/mentions-legales\\\/\"]}]},{\"@type\":\"BreadcrumbList\",\"@id\":\"https:\\\/\\\/hotel-du-roc04.fr\\\/mentions-legales\\\/#breadcrumb\",\"itemListElement\":[{\"@type\":\"ListItem\",\"position\":1,\"name\":\"Accueil\",\"item\":\"https:\\\/\\\/hotel-du-roc04.fr\\\/\"},{\"@type\":\"ListItem\",\"position\":2,\"name\":\"Mentions L\u00e9gales\"}]},{\"@type\":\"WebSite\",\"@id\":\"https:\\\/\\\/hotel-du-roc04.fr\\\/#website\",\"url\":\"https:\\\/\\\/hotel-du-roc04.fr\\\/\",\"name\":\"H\u00f4tel du Roc \u00e0 Castellane\",\"description\":\"\",\"publisher\":{\"@id\":\"https:\\\/\\\/hotel-du-roc04.fr\\\/#organization\"},\"potentialAction\":[{\"@type\":\"SearchAction\",\"target\":{\"@type\":\"EntryPoint\",\"urlTemplate\":\"https:\\\/\\\/hotel-du-roc04.fr\\\/?s={search_term_string}\"},\"query-input\":{\"@type\":\"PropertyValueSpecification\",\"valueRequired\":true,\"valueName\":\"search_term_string\"}}],\"inLanguage\":\"es\"},{\"@type\":\"Organization\",\"@id\":\"https:\\\/\\\/hotel-du-roc04.fr\\\/#organization\",\"name\":\"H\u00f4tel du Roc \u00e0 Castellane\",\"url\":\"https:\\\/\\\/hotel-du-roc04.fr\\\/\",\"logo\":{\"@type\":\"ImageObject\",\"inLanguage\":\"es\",\"@id\":\"https:\\\/\\\/hotel-du-roc04.fr\\\/#\\\/schema\\\/logo\\\/image\\\/\",\"url\":\"https:\\\/\\\/hotel-du-roc04.fr\\\/wp-content\\\/uploads\\\/2025\\\/05\\\/logo-roc-M-500-1.webp\",\"contentUrl\":\"https:\\\/\\\/hotel-du-roc04.fr\\\/wp-content\\\/uploads\\\/2025\\\/05\\\/logo-roc-M-500-1.webp\",\"width\":500,\"height\":500,\"caption\":\"H\u00f4tel du Roc \u00e0 Castellane\"},\"image\":{\"@id\":\"https:\\\/\\\/hotel-du-roc04.fr\\\/#\\\/schema\\\/logo\\\/image\\\/\"}}]}<\/script>\n<!-- \/ Yoast SEO plugin. -->","yoast_head_json":{"title":"Aviso legal - H\u00f4tel du Roc Castellane","robots":{"index":"index","follow":"follow","max-snippet":"max-snippet:-1","max-image-preview":"max-image-preview:large","max-video-preview":"max-video-preview:-1"},"canonical":"https:\/\/hotel-du-roc04.fr\/es\/informacion-legal\/","og_locale":"es_ES","og_type":"article","og_title":"Mentions L\u00e9gales - H\u00f4tel du Roc Castellane","og_description":"Mentions L\u00e9gales 1. Pr\u00e9sentation du site En vertu de l\u2019article 6 de la loi n\u00b0 2004-575 du 21 juin 2004 pour la confiance dans l\u2019\u00e9conomie num\u00e9rique, il est pr\u00e9cis\u00e9 aux utilisateurs du site www.hotel-du-roc04.fr l\u2019identit\u00e9 des diff\u00e9rents intervenants dans le cadre de sa r\u00e9alisation et de son suivi : \u00c9diteur et directeur de publication :H\u00d4TEL [&hellip;]","og_url":"https:\/\/hotel-du-roc04.fr\/es\/informacion-legal\/","og_site_name":"H\u00f4tel du Roc Castellane","article_modified_time":"2025-04-09T09:48:47+00:00","twitter_card":"summary_large_image","twitter_misc":{"Tiempo de lectura":"4 minutos"},"schema":{"@context":"https:\/\/schema.org","@graph":[{"@type":"WebPage","@id":"https:\/\/hotel-du-roc04.fr\/mentions-legales\/","url":"https:\/\/hotel-du-roc04.fr\/mentions-legales\/","name":"Aviso legal - H\u00f4tel du Roc Castellane","isPartOf":{"@id":"https:\/\/hotel-du-roc04.fr\/#website"},"datePublished":"2025-04-09T09:04:44+00:00","dateModified":"2025-04-09T09:48:47+00:00","breadcrumb":{"@id":"https:\/\/hotel-du-roc04.fr\/mentions-legales\/#breadcrumb"},"inLanguage":"es","potentialAction":[{"@type":"ReadAction","target":["https:\/\/hotel-du-roc04.fr\/mentions-legales\/"]}]},{"@type":"BreadcrumbList","@id":"https:\/\/hotel-du-roc04.fr\/mentions-legales\/#breadcrumb","itemListElement":[{"@type":"ListItem","position":1,"name":"Accueil","item":"https:\/\/hotel-du-roc04.fr\/"},{"@type":"ListItem","position":2,"name":"Mentions L\u00e9gales"}]},{"@type":"WebSite","@id":"https:\/\/hotel-du-roc04.fr\/#website","url":"https:\/\/hotel-du-roc04.fr\/","name":"H\u00f4tel du Roc en Castellane","description":"","publisher":{"@id":"https:\/\/hotel-du-roc04.fr\/#organization"},"potentialAction":[{"@type":"SearchAction","target":{"@type":"EntryPoint","urlTemplate":"https:\/\/hotel-du-roc04.fr\/?s={search_term_string}"},"query-input":{"@type":"PropertyValueSpecification","valueRequired":true,"valueName":"search_term_string"}}],"inLanguage":"es"},{"@type":"Organization","@id":"https:\/\/hotel-du-roc04.fr\/#organization","name":"H\u00f4tel du Roc en Castellane","url":"https:\/\/hotel-du-roc04.fr\/","logo":{"@type":"ImageObject","inLanguage":"es","@id":"https:\/\/hotel-du-roc04.fr\/#\/schema\/logo\/image\/","url":"https:\/\/hotel-du-roc04.fr\/wp-content\/uploads\/2025\/05\/logo-roc-M-500-1.webp","contentUrl":"https:\/\/hotel-du-roc04.fr\/wp-content\/uploads\/2025\/05\/logo-roc-M-500-1.webp","width":500,"height":500,"caption":"H\u00f4tel du Roc \u00e0 Castellane"},"image":{"@id":"https:\/\/hotel-du-roc04.fr\/#\/schema\/logo\/image\/"}}]}},"_links":{"self":[{"href":"https:\/\/hotel-du-roc04.fr\/es\/wp-json\/wp\/v2\/pages\/1666","targetHints":{"allow":["GET"]}}],"collection":[{"href":"https:\/\/hotel-du-roc04.fr\/es\/wp-json\/wp\/v2\/pages"}],"about":[{"href":"https:\/\/hotel-du-roc04.fr\/es\/wp-json\/wp\/v2\/types\/page"}],"author":[{"embeddable":true,"href":"https:\/\/hotel-du-roc04.fr\/es\/wp-json\/wp\/v2\/users\/1"}],"replies":[{"embeddable":true,"href":"https:\/\/hotel-du-roc04.fr\/es\/wp-json\/wp\/v2\/comments?post=1666"}],"version-history":[{"count":20,"href":"https:\/\/hotel-du-roc04.fr\/es\/wp-json\/wp\/v2\/pages\/1666\/revisions"}],"predecessor-version":[{"id":1690,"href":"https:\/\/hotel-du-roc04.fr\/es\/wp-json\/wp\/v2\/pages\/1666\/revisions\/1690"}],"wp:attachment":[{"href":"https:\/\/hotel-du-roc04.fr\/es\/wp-json\/wp\/v2\/media?parent=1666"}],"curies":[{"name":"wp","href":"https:\/\/api.w.org\/{rel}","templated":true}]}}