{"id":1666,"date":"2025-04-09T09:04:44","date_gmt":"2025-04-09T09:04:44","guid":{"rendered":"https:\/\/hotel-du-roc04.com\/?page_id=1666"},"modified":"2025-04-09T09:48:47","modified_gmt":"2025-04-09T09:48:47","slug":"legal-information","status":"publish","type":"page","link":"https:\/\/hotel-du-roc04.fr\/en\/mentions-legales\/","title":{"rendered":"Legal information"},"content":{"rendered":"<div data-elementor-type=\"wp-page\" data-elementor-id=\"1666\" class=\"elementor elementor-1666\" data-elementor-post-type=\"page\">\n\t\t\t\t<div class=\"elementor-element elementor-element-8699556 e-con-full e-flex e-con e-parent\" data-id=\"8699556\" data-element_type=\"container\" data-e-type=\"container\">\n\t\t\t\t<div class=\"elementor-element elementor-element-7847760 elementor-widget elementor-widget-spacer\" data-id=\"7847760\" data-element_type=\"widget\" data-e-type=\"widget\" data-widget_type=\"spacer.default\">\n\t\t\t\t<div class=\"elementor-widget-container\">\n\t\t\t\t\t\t\t<div class=\"elementor-spacer\">\n\t\t\t<div class=\"elementor-spacer-inner\"><\/div>\n\t\t<\/div>\n\t\t\t\t\t\t<\/div>\n\t\t\t\t<\/div>\n\t\t\t\t<\/div>\n\t\t<div class=\"elementor-element elementor-element-333dadf0 e-flex e-con-boxed e-con e-parent\" data-id=\"333dadf0\" data-element_type=\"container\" data-e-type=\"container\">\n\t\t\t\t\t<div class=\"e-con-inner\">\n\t\t\t\t<div class=\"elementor-element elementor-element-76de863 elementor-widget elementor-widget-heading\" data-id=\"76de863\" data-element_type=\"widget\" data-e-type=\"widget\" data-widget_type=\"heading.default\">\n\t\t\t\t<div class=\"elementor-widget-container\">\n\t\t\t\t\t<h2 class=\"elementor-heading-title elementor-size-default\">Legal information<\/h2>\t\t\t\t<\/div>\n\t\t\t\t<\/div>\n\t\t\t\t<div class=\"elementor-element elementor-element-6535712a elementor-widget elementor-widget-text-editor\" data-id=\"6535712a\" data-element_type=\"widget\" data-e-type=\"widget\" data-widget_type=\"text-editor.default\">\n\t\t\t\t<div class=\"elementor-widget-container\">\n\t\t\t\t\t\t\t\t\t\n<h3 class=\"wp-block-heading\" data-start=\"317\" data-end=\"344\">1. <strong>Site presentation<\/strong><\/h3>\n<p class=\"\" data-start=\"346\" data-end=\"635\">Pursuant to Article 6 of French Law no. 2004-575 of 21 June 2004 on confidence in the digital economy, users of the website are hereby informed that <a class=\"\" href=\"https:\/\/hotel-du-roc04.fr\/en\/\" target=\"_new\" rel=\"noopener\" data-start=\"493\" data-end=\"546\">www.hotel-du-roc04.fr<\/a> the identity of the various parties involved in its implementation and monitoring:<\/p>\n<p class=\"\" data-start=\"637\" data-end=\"786\"><strong data-start=\"637\" data-end=\"676\">Publisher and Director of Publication<\/strong> :<br data-start=\"678\" data-end=\"681\" \/><strong data-start=\"681\" data-end=\"697\">HOTEL DU ROC<\/strong><br data-start=\"697\" data-end=\"700\" \/>3 Place de l'\u00c9glise, 04120 Castellane<br data-start=\"737\" data-end=\"740\" \/>Tel: 04 92 83 62 65<br data-start=\"761\" data-end=\"764\" \/>Siret : 42238517900011<\/p>\n<p class=\"\" data-start=\"788\" data-end=\"934\"><strong data-start=\"788\" data-end=\"817\">Creation of the website<\/strong> :<br data-start=\"819\" data-end=\"822\" \/><strong data-start=\"822\" data-end=\"839\">Livada Florin<\/strong><br data-start=\"839\" data-end=\"842\" \/>04120 Castellane<br data-start=\"858\" data-end=\"861\" \/>Site : <a class=\"\" href=\"https:\/\/www.livada.fr\" target=\"_new\" rel=\"noopener\" data-start=\"868\" data-end=\"906\">www.livada.fr<\/a><br data-start=\"906\" data-end=\"909\" \/>Email : <a class=\"cursor-pointer\" rel=\"noopener\" data-start=\"917\" data-end=\"934\">contact@livada.fr<\/a><\/p>\n<p class=\"\" data-start=\"936\" data-end=\"1030\"><strong data-start=\"936\" data-end=\"949\">Host<\/strong> :<br data-start=\"951\" data-end=\"954\" \/>HOSTINGER INTERNATIONAL LTD<br data-start=\"981\" data-end=\"984\" \/>61 Lordou Vironos Street, 6023 Larnaca, Cyprus<\/p>\n<h3 class=\"\" data-start=\"1037\" data-end=\"1111\">2. <strong>General terms and conditions of use of the site and the services offered<\/strong><\/h3>\n<p class=\"\" data-start=\"1113\" data-end=\"1440\">Use of the site <a class=\"\" href=\"https:\/\/hotel-du-roc04.fr\/en\/\" target=\"_new\" rel=\"noopener\" data-start=\"1135\" data-end=\"1156\">www.hotel-du-roc04.fr<\/a> and\/or the associated mobile application implies full acceptance of the general conditions of use described below.<br data-start=\"1294\" data-end=\"1297\" \/>These terms and conditions may be amended or supplemented at any time, so users are advised to consult them regularly.<\/p>\n<p class=\"\" data-start=\"1442\" data-end=\"1631\">The site is normally accessible at all times. H\u00d4TEL DU ROC may decide to interrupt the site for maintenance purposes, and will endeavour to communicate the dates and times of the intervention.<\/p>\n<h3 class=\"\" data-start=\"1638\" data-end=\"1677\">3. <strong>Description of services provided<\/strong><\/h3>\n<p class=\"\" data-start=\"1679\" data-end=\"1778\">The purpose of the site is to provide information about the activities of H\u00d4TEL DU ROC.<\/p>\n<p class=\"\" data-start=\"1780\" data-end=\"1970\">All information on the site is given for information only and is subject to change. It is not exhaustive and may be modified since it is put online.<\/p>\n<h3 class=\"\" data-start=\"1977\" data-end=\"2037\">4. <strong>Contractual limitations on technical data<\/strong><\/h3>\n<p class=\"\" data-start=\"2039\" data-end=\"2288\">The site uses JavaScript technology.<br data-start=\"2081\" data-end=\"2084\" \/>H\u00d4TEL DU ROC cannot be held responsible for any material damage linked to the use of the site. The user undertakes to use recent, virus-free equipment with an up-to-date browser.<\/p>\n<h3 class=\"\" data-start=\"2295\" data-end=\"2316\">5. <strong>Photo credits<\/strong><\/h3>\n<ul data-start=\"2318\" data-end=\"2389\">\n<li class=\"\" data-start=\"2318\" data-end=\"2352\">\n<p class=\"\" data-start=\"2320\" data-end=\"2352\">Fotolia - All rights reserved<\/p>\n<\/li>\n<li class=\"\" data-start=\"2353\" data-end=\"2389\">\n<p class=\"\" data-start=\"2355\" data-end=\"2389\">Adobe Stock - All rights reserved<\/p>\n<\/li>\n<\/ul>\n<h3 class=\"\" data-start=\"2396\" data-end=\"2443\">6. <strong>Intellectual property and counterfeiting<\/strong><\/h3>\n<p class=\"\" data-start=\"2445\" data-end=\"2675\">Any reproduction, representation, publication or adaptation of all or part of the website or mobile application, by whatever means or process, is prohibited without the prior written consent of <strong data-start=\"2657\" data-end=\"2674\">Livada Florin<\/strong>.<\/p>\n<p class=\"\" data-start=\"2677\" data-end=\"2862\">Any unauthorised use will be deemed to constitute an infringement and will be prosecuted in accordance with articles L.335-2 et seq. of the French Intellectual Property Code.<\/p>\n<h3 class=\"\" data-start=\"2869\" data-end=\"2905\">7. <strong>Limitation of liability<\/strong><\/h3>\n<p class=\"\" data-start=\"2907\" data-end=\"3060\">H\u00d4TEL DU ROC may not be held liable for direct or indirect damage caused to the user's equipment or in the event of technical incompatibility.<\/p>\n<p class=\"\" data-start=\"3062\" data-end=\"3340\">Interactive areas are available to users. H\u00d4TEL DU ROC reserves the right to delete any content that is contrary to French legislation, particularly in terms of data protection, racism, insults, defamation or pornographic content.<\/p>\n<h3 class=\"\" data-start=\"3347\" data-end=\"3399\">8. <strong>Do not call list<\/strong><\/h3>\n<p class=\"\" data-start=\"3401\" data-end=\"3631\">You can register free of charge on the national telephone marketing opposition list: <a class=\"\" href=\"https:\/\/www.bloctel.gouv.fr\" target=\"_new\" rel=\"noopener\" data-start=\"3505\" data-end=\"3555\">www.bloctel.gouv.fr<\/a><br data-start=\"3555\" data-end=\"3558\" \/>Or write to :<br data-start=\"3571\" data-end=\"3574\" \/>Worldline - Service Bloctel, CS 61311 - 41013 Blois Cedex<\/p>\n<h3 class=\"\" data-start=\"3638\" data-end=\"3673\">9. <strong>Hyperlinks and cookies<\/strong><\/h3>\n<p class=\"\" data-start=\"3675\" data-end=\"3812\">The site may contain hypertext links to other sites. H\u00d4TEL DU ROC is unable to check the content of these sites.<\/p>\n<p class=\"\" data-start=\"3814\" data-end=\"3985\">Browsing the site may cause cookies to be installed. A cookie is a small file that records information relating to browsing.<\/p>\n<p class=\"\" data-start=\"3987\" data-end=\"4143\">Users can configure their browser to refuse cookies. Refusal to install cookies may make it impossible to access certain services.<\/p>\n<p class=\"\" data-start=\"4145\" data-end=\"4220\">To find out more, see our <a class=\"\" href=\"https:\/\/hotel-du-roc04.fr\/en\/privacy-policy\/\" rel=\"noopener\" data-start=\"4182\" data-end=\"4219\">Cookie management policy<\/a>.<\/p>\n<h3 class=\"\" data-start=\"4227\" data-end=\"4277\">10.<strong> Protection of personal data - RGPD<\/strong><\/h3>\n<p class=\"\" data-start=\"4279\" data-end=\"4668\"><strong data-start=\"4279\" data-end=\"4308\">Data controller<\/strong> HOTEL DU ROC<br data-start=\"4323\" data-end=\"4326\" \/><strong data-start=\"4326\" data-end=\"4353\">Purposes of processing<\/strong> reservation management, contact requests, visitor statistics.<br data-start=\"4433\" data-end=\"4436\" \/><strong data-start=\"4436\" data-end=\"4451\">Legal basis<\/strong> : performance of a contract, legitimate interest, consent.<br data-start=\"4509\" data-end=\"4512\" \/><strong data-start=\"4512\" data-end=\"4537\">Shelf life<\/strong> The data is kept for a period not exceeding 3 years after the last contact or the end of the commercial relationship.<\/p>\n<p class=\"\" data-start=\"4670\" data-end=\"4798\"><strong data-start=\"4670\" data-end=\"4697\">User rights<\/strong> :<br data-start=\"4699\" data-end=\"4702\" \/>In accordance with the RGPD and the French Data Protection Act, you have the following rights:<\/p>\n<ul data-start=\"4799\" data-end=\"4996\">\n<li class=\"\" data-start=\"4799\" data-end=\"4846\">\n<p class=\"\" data-start=\"4801\" data-end=\"4846\">Right of access, rectification and deletion<\/p>\n<\/li>\n<li class=\"\" data-start=\"4847\" data-end=\"4902\">\n<p class=\"\" data-start=\"4849\" data-end=\"4902\">Right to limit and object to processing<\/p>\n<\/li>\n<li class=\"\" data-start=\"4903\" data-end=\"4927\">\n<p class=\"\" data-start=\"4905\" data-end=\"4927\">Right to portability<\/p>\n<\/li>\n<li class=\"\" data-start=\"4928\" data-end=\"4996\">\n<p class=\"\" data-start=\"4930\" data-end=\"4996\">Right to lodge a complaint with the CNIL (<a class=\"\" href=\"http:\/\/www.cnil.fr\" target=\"_new\" rel=\"noopener\" data-start=\"4984\" data-end=\"4995\">www.cnil.fr<\/a>)<\/p>\n<\/li>\n<\/ul>\n<p class=\"\" data-start=\"4998\" data-end=\"5085\">To exercise your rights, please send an email to : <strong data-start=\"5056\" data-end=\"5085\"><a class=\"cursor-pointer\" rel=\"noopener\" data-start=\"5058\" data-end=\"5083\">contact@hotel-du-roc04.fr<\/a><\/strong><\/p>\n<p class=\"\" data-start=\"5087\" data-end=\"5200\">No personal information is published, exchanged, transferred or sold to third parties without your consent.<\/p>\n<h3 class=\"\" data-start=\"5207\" data-end=\"5246\">11. <strong>The main laws concerned<\/strong><\/h3>\n<ul data-start=\"5248\" data-end=\"5479\">\n<li class=\"\" data-start=\"5248\" data-end=\"5349\">\n<p class=\"\" data-start=\"5250\" data-end=\"5349\">Law no. 78-17 of 6 January 1978 (amended) relating to information technology, files and civil liberties<\/p>\n<\/li>\n<li class=\"\" data-start=\"5350\" data-end=\"5401\">\n<p class=\"\" data-start=\"5352\" data-end=\"5401\">Regulation (EU) 2016\/679 of 27 April 2016 (RGPD)<\/p>\n<\/li>\n<li class=\"\" data-start=\"5402\" data-end=\"5479\">\n<p class=\"\" data-start=\"5404\" data-end=\"5479\">Law no. 2004-575 of 21 June 2004 on confidence in the digital economy<\/p>\n<\/li>\n<\/ul>\n<h3 class=\"\" data-start=\"5486\" data-end=\"5501\">12. <strong>Lexicon<\/strong><\/h3>\n<ul data-start=\"5503\" data-end=\"5662\">\n<li class=\"\" data-start=\"5503\" data-end=\"5567\">\n<p class=\"\" data-start=\"5505\" data-end=\"5567\"><strong data-start=\"5505\" data-end=\"5520\">User<\/strong> Internet user connecting to and using the site.<\/p>\n<\/li>\n<li class=\"\" data-start=\"5568\" data-end=\"5662\">\n<p class=\"\" data-start=\"5570\" data-end=\"5662\"><strong data-start=\"5570\" data-end=\"5599\">Personal information<\/strong> Data enabling a natural person to be identified.<\/p>\n<\/li>\n<\/ul>\n<h3 class=\"\" data-start=\"5669\" data-end=\"5688\">13. <strong>Partners<\/strong><\/h3>\n<p class=\"\" data-start=\"5690\" data-end=\"5885\">All the partners of H\u00d4TEL DU ROC and of <strong data-start=\"5739\" data-end=\"5756\">Livada Florin<\/strong> visible on the \"Partners\" page have the right to modify their information by simple request to :<br data-start=\"5865\" data-end=\"5868\" \/><strong data-start=\"5868\" data-end=\"5885\"><a class=\"cursor-pointer\" rel=\"noopener\" data-start=\"5870\" data-end=\"5883\">contact@livada.fr<\/a><\/strong><\/p>\t\t\t\t\t\t\t\t<\/div>\n\t\t\t\t<\/div>\n\t\t\t\t\t<\/div>\n\t\t\t\t<\/div>\n\t\t\t\t<\/div>","protected":false},"excerpt":{"rendered":"<p>Mentions L\u00e9gales 1. Pr\u00e9sentation du site En vertu de l\u2019article 6 de la loi n\u00b0 2004-575 du 21 juin 2004 pour la confiance dans l\u2019\u00e9conomie num\u00e9rique, il est pr\u00e9cis\u00e9 aux utilisateurs du site www.hotel-du-roc04.fr l\u2019identit\u00e9 des diff\u00e9rents intervenants dans le cadre de sa r\u00e9alisation et de son suivi : \u00c9diteur et directeur de publication :H\u00d4TEL [&hellip;]<\/p>\n","protected":false},"author":1,"featured_media":0,"parent":0,"menu_order":0,"comment_status":"closed","ping_status":"closed","template":"","meta":{"footnotes":""},"class_list":["post-1666","page","type-page","status-publish","hentry"],"yoast_head":"<!-- This site is optimized with the Yoast SEO plugin v27.4 - https:\/\/yoast.com\/product\/yoast-seo-wordpress\/ -->\n<title>Mentions L\u00e9gales - H\u00f4tel du Roc Castellane<\/title>\n<meta name=\"robots\" content=\"index, follow, max-snippet:-1, max-image-preview:large, max-video-preview:-1\" \/>\n<link rel=\"canonical\" href=\"https:\/\/hotel-du-roc04.fr\/en\/legal-information\/\" \/>\n<meta property=\"og:locale\" content=\"en_GB\" \/>\n<meta property=\"og:type\" content=\"article\" \/>\n<meta property=\"og:title\" content=\"Mentions L\u00e9gales - H\u00f4tel du Roc Castellane\" \/>\n<meta property=\"og:description\" content=\"Mentions L\u00e9gales 1. Pr\u00e9sentation du site En vertu de l\u2019article 6 de la loi n\u00b0 2004-575 du 21 juin 2004 pour la confiance dans l\u2019\u00e9conomie num\u00e9rique, il est pr\u00e9cis\u00e9 aux utilisateurs du site www.hotel-du-roc04.fr l\u2019identit\u00e9 des diff\u00e9rents intervenants dans le cadre de sa r\u00e9alisation et de son suivi : \u00c9diteur et directeur de publication :H\u00d4TEL [&hellip;]\" \/>\n<meta property=\"og:url\" content=\"https:\/\/hotel-du-roc04.fr\/en\/legal-information\/\" \/>\n<meta property=\"og:site_name\" content=\"H\u00f4tel du Roc Castellane\" \/>\n<meta property=\"article:modified_time\" content=\"2025-04-09T09:48:47+00:00\" \/>\n<meta name=\"twitter:card\" content=\"summary_large_image\" \/>\n<meta name=\"twitter:label1\" content=\"Estimated reading time\" \/>\n\t<meta name=\"twitter:data1\" content=\"4 minutes\" \/>\n<script type=\"application\/ld+json\" class=\"yoast-schema-graph\">{\"@context\":\"https:\\\/\\\/schema.org\",\"@graph\":[{\"@type\":\"WebPage\",\"@id\":\"https:\\\/\\\/hotel-du-roc04.fr\\\/mentions-legales\\\/\",\"url\":\"https:\\\/\\\/hotel-du-roc04.fr\\\/mentions-legales\\\/\",\"name\":\"Mentions L\u00e9gales - H\u00f4tel du Roc Castellane\",\"isPartOf\":{\"@id\":\"https:\\\/\\\/hotel-du-roc04.fr\\\/#website\"},\"datePublished\":\"2025-04-09T09:04:44+00:00\",\"dateModified\":\"2025-04-09T09:48:47+00:00\",\"breadcrumb\":{\"@id\":\"https:\\\/\\\/hotel-du-roc04.fr\\\/mentions-legales\\\/#breadcrumb\"},\"inLanguage\":\"en-GB\",\"potentialAction\":[{\"@type\":\"ReadAction\",\"target\":[\"https:\\\/\\\/hotel-du-roc04.fr\\\/mentions-legales\\\/\"]}]},{\"@type\":\"BreadcrumbList\",\"@id\":\"https:\\\/\\\/hotel-du-roc04.fr\\\/mentions-legales\\\/#breadcrumb\",\"itemListElement\":[{\"@type\":\"ListItem\",\"position\":1,\"name\":\"Accueil\",\"item\":\"https:\\\/\\\/hotel-du-roc04.fr\\\/\"},{\"@type\":\"ListItem\",\"position\":2,\"name\":\"Mentions L\u00e9gales\"}]},{\"@type\":\"WebSite\",\"@id\":\"https:\\\/\\\/hotel-du-roc04.fr\\\/#website\",\"url\":\"https:\\\/\\\/hotel-du-roc04.fr\\\/\",\"name\":\"H\u00f4tel du Roc \u00e0 Castellane\",\"description\":\"\",\"publisher\":{\"@id\":\"https:\\\/\\\/hotel-du-roc04.fr\\\/#organization\"},\"potentialAction\":[{\"@type\":\"SearchAction\",\"target\":{\"@type\":\"EntryPoint\",\"urlTemplate\":\"https:\\\/\\\/hotel-du-roc04.fr\\\/?s={search_term_string}\"},\"query-input\":{\"@type\":\"PropertyValueSpecification\",\"valueRequired\":true,\"valueName\":\"search_term_string\"}}],\"inLanguage\":\"en-GB\"},{\"@type\":\"Organization\",\"@id\":\"https:\\\/\\\/hotel-du-roc04.fr\\\/#organization\",\"name\":\"H\u00f4tel du Roc \u00e0 Castellane\",\"url\":\"https:\\\/\\\/hotel-du-roc04.fr\\\/\",\"logo\":{\"@type\":\"ImageObject\",\"inLanguage\":\"en-GB\",\"@id\":\"https:\\\/\\\/hotel-du-roc04.fr\\\/#\\\/schema\\\/logo\\\/image\\\/\",\"url\":\"https:\\\/\\\/hotel-du-roc04.fr\\\/wp-content\\\/uploads\\\/2025\\\/05\\\/logo-roc-M-500-1.webp\",\"contentUrl\":\"https:\\\/\\\/hotel-du-roc04.fr\\\/wp-content\\\/uploads\\\/2025\\\/05\\\/logo-roc-M-500-1.webp\",\"width\":500,\"height\":500,\"caption\":\"H\u00f4tel du Roc \u00e0 Castellane\"},\"image\":{\"@id\":\"https:\\\/\\\/hotel-du-roc04.fr\\\/#\\\/schema\\\/logo\\\/image\\\/\"}}]}<\/script>\n<!-- \/ Yoast SEO plugin. -->","yoast_head_json":{"title":"Legal Notice - H\u00f4tel du Roc Castellane","robots":{"index":"index","follow":"follow","max-snippet":"max-snippet:-1","max-image-preview":"max-image-preview:large","max-video-preview":"max-video-preview:-1"},"canonical":"https:\/\/hotel-du-roc04.fr\/en\/legal-information\/","og_locale":"en_GB","og_type":"article","og_title":"Mentions L\u00e9gales - H\u00f4tel du Roc Castellane","og_description":"Mentions L\u00e9gales 1. Pr\u00e9sentation du site En vertu de l\u2019article 6 de la loi n\u00b0 2004-575 du 21 juin 2004 pour la confiance dans l\u2019\u00e9conomie num\u00e9rique, il est pr\u00e9cis\u00e9 aux utilisateurs du site www.hotel-du-roc04.fr l\u2019identit\u00e9 des diff\u00e9rents intervenants dans le cadre de sa r\u00e9alisation et de son suivi : \u00c9diteur et directeur de publication :H\u00d4TEL [&hellip;]","og_url":"https:\/\/hotel-du-roc04.fr\/en\/legal-information\/","og_site_name":"H\u00f4tel du Roc Castellane","article_modified_time":"2025-04-09T09:48:47+00:00","twitter_card":"summary_large_image","twitter_misc":{"Estimated reading time":"4 minutes"},"schema":{"@context":"https:\/\/schema.org","@graph":[{"@type":"WebPage","@id":"https:\/\/hotel-du-roc04.fr\/mentions-legales\/","url":"https:\/\/hotel-du-roc04.fr\/mentions-legales\/","name":"Legal Notice - H\u00f4tel du Roc Castellane","isPartOf":{"@id":"https:\/\/hotel-du-roc04.fr\/#website"},"datePublished":"2025-04-09T09:04:44+00:00","dateModified":"2025-04-09T09:48:47+00:00","breadcrumb":{"@id":"https:\/\/hotel-du-roc04.fr\/mentions-legales\/#breadcrumb"},"inLanguage":"en-GB","potentialAction":[{"@type":"ReadAction","target":["https:\/\/hotel-du-roc04.fr\/mentions-legales\/"]}]},{"@type":"BreadcrumbList","@id":"https:\/\/hotel-du-roc04.fr\/mentions-legales\/#breadcrumb","itemListElement":[{"@type":"ListItem","position":1,"name":"Accueil","item":"https:\/\/hotel-du-roc04.fr\/"},{"@type":"ListItem","position":2,"name":"Mentions L\u00e9gales"}]},{"@type":"WebSite","@id":"https:\/\/hotel-du-roc04.fr\/#website","url":"https:\/\/hotel-du-roc04.fr\/","name":"H\u00f4tel du Roc in Castellane","description":"","publisher":{"@id":"https:\/\/hotel-du-roc04.fr\/#organization"},"potentialAction":[{"@type":"SearchAction","target":{"@type":"EntryPoint","urlTemplate":"https:\/\/hotel-du-roc04.fr\/?s={search_term_string}"},"query-input":{"@type":"PropertyValueSpecification","valueRequired":true,"valueName":"search_term_string"}}],"inLanguage":"en-GB"},{"@type":"Organization","@id":"https:\/\/hotel-du-roc04.fr\/#organization","name":"H\u00f4tel du Roc in Castellane","url":"https:\/\/hotel-du-roc04.fr\/","logo":{"@type":"ImageObject","inLanguage":"en-GB","@id":"https:\/\/hotel-du-roc04.fr\/#\/schema\/logo\/image\/","url":"https:\/\/hotel-du-roc04.fr\/wp-content\/uploads\/2025\/05\/logo-roc-M-500-1.webp","contentUrl":"https:\/\/hotel-du-roc04.fr\/wp-content\/uploads\/2025\/05\/logo-roc-M-500-1.webp","width":500,"height":500,"caption":"H\u00f4tel du Roc \u00e0 Castellane"},"image":{"@id":"https:\/\/hotel-du-roc04.fr\/#\/schema\/logo\/image\/"}}]}},"_links":{"self":[{"href":"https:\/\/hotel-du-roc04.fr\/en\/wp-json\/wp\/v2\/pages\/1666","targetHints":{"allow":["GET"]}}],"collection":[{"href":"https:\/\/hotel-du-roc04.fr\/en\/wp-json\/wp\/v2\/pages"}],"about":[{"href":"https:\/\/hotel-du-roc04.fr\/en\/wp-json\/wp\/v2\/types\/page"}],"author":[{"embeddable":true,"href":"https:\/\/hotel-du-roc04.fr\/en\/wp-json\/wp\/v2\/users\/1"}],"replies":[{"embeddable":true,"href":"https:\/\/hotel-du-roc04.fr\/en\/wp-json\/wp\/v2\/comments?post=1666"}],"version-history":[{"count":20,"href":"https:\/\/hotel-du-roc04.fr\/en\/wp-json\/wp\/v2\/pages\/1666\/revisions"}],"predecessor-version":[{"id":1690,"href":"https:\/\/hotel-du-roc04.fr\/en\/wp-json\/wp\/v2\/pages\/1666\/revisions\/1690"}],"wp:attachment":[{"href":"https:\/\/hotel-du-roc04.fr\/en\/wp-json\/wp\/v2\/media?parent=1666"}],"curies":[{"name":"wp","href":"https:\/\/api.w.org\/{rel}","templated":true}]}}