{"id":3951,"date":"2025-05-25T19:08:08","date_gmt":"2025-05-25T19:08:08","guid":{"rendered":"https:\/\/hotel-du-roc04.fr\/?page_id=3951"},"modified":"2025-05-25T19:36:24","modified_gmt":"2025-05-25T19:36:24","slug":"restaurant-castellane","status":"publish","type":"page","link":"https:\/\/hotel-du-roc04.fr\/de\/restaurant-castellane\/","title":{"rendered":"Restaurant Castellane"},"content":{"rendered":"<div data-elementor-type=\"wp-page\" data-elementor-id=\"3951\" class=\"elementor elementor-3951\" data-elementor-post-type=\"page\">\n\t\t\t\t<div class=\"elementor-element elementor-element-8699556 e-con-full e-flex e-con e-parent\" data-id=\"8699556\" data-element_type=\"container\" data-e-type=\"container\">\n\t\t\t\t<div class=\"elementor-element elementor-element-7847760 elementor-widget elementor-widget-spacer\" data-id=\"7847760\" data-element_type=\"widget\" data-e-type=\"widget\" data-widget_type=\"spacer.default\">\n\t\t\t\t<div class=\"elementor-widget-container\">\n\t\t\t\t\t\t\t<div class=\"elementor-spacer\">\n\t\t\t<div class=\"elementor-spacer-inner\"><\/div>\n\t\t<\/div>\n\t\t\t\t\t\t<\/div>\n\t\t\t\t<\/div>\n\t\t\t\t<\/div>\n\t\t<div class=\"elementor-element elementor-element-333dadf0 e-flex e-con-boxed e-con e-parent\" data-id=\"333dadf0\" data-element_type=\"container\" data-e-type=\"container\">\n\t\t\t\t\t<div class=\"e-con-inner\">\n\t\t\t\t<div class=\"elementor-element elementor-element-76de863 elementor-widget elementor-widget-heading\" data-id=\"76de863\" data-element_type=\"widget\" data-e-type=\"widget\" data-widget_type=\"heading.default\">\n\t\t\t\t<div class=\"elementor-widget-container\">\n\t\t\t\t\t<h1 class=\"elementor-heading-title elementor-size-default\">Restaurant in Castellane<br> Lokale &amp; portugiesische Spezialit\u00e4ten<\/h1>\t\t\t\t<\/div>\n\t\t\t\t<\/div>\n\t\t\t\t\t<\/div>\n\t\t\t\t<\/div>\n\t\t<div class=\"elementor-element elementor-element-1ca9a43 e-flex e-con-boxed e-con e-parent\" data-id=\"1ca9a43\" data-element_type=\"container\" data-e-type=\"container\">\n\t\t\t\t\t<div class=\"e-con-inner\">\n\t\t\t\t<div class=\"elementor-element elementor-element-d1e1507 elementor-widget elementor-widget-spacer\" data-id=\"d1e1507\" data-element_type=\"widget\" data-e-type=\"widget\" data-widget_type=\"spacer.default\">\n\t\t\t\t<div class=\"elementor-widget-container\">\n\t\t\t\t\t\t\t<div class=\"elementor-spacer\">\n\t\t\t<div class=\"elementor-spacer-inner\"><\/div>\n\t\t<\/div>\n\t\t\t\t\t\t<\/div>\n\t\t\t\t<\/div>\n\t\t\t\t<div class=\"elementor-element elementor-element-f55b5c7 elementor-widget elementor-widget-text-editor\" data-id=\"f55b5c7\" data-element_type=\"widget\" data-e-type=\"widget\" data-widget_type=\"text-editor.default\">\n\t\t\t\t<div class=\"elementor-widget-container\">\n\t\t\t\t\t\t\t\t\t<p>Sie suchen einen guten<strong data-start=\"372\" data-end=\"490\"> Restaurant in Castellane <\/strong>zum Mittag- oder Abendessen in einer gem\u00fctlichen Umgebung im Herzen des Dorfes? Willkommen im <strong data-start=\"504\" data-end=\"536\">Restaurant des H\u00f4tel du Roc<\/strong>Eine der besten Adressen in Castellane, um eine gro\u00dfz\u00fcgige K\u00fcche zu genie\u00dfen, die provenzalisches Terroir mit portugiesischen Inspirationen verbindet. Ob Sie nun auf der Durchreise in den Gorges du Verdon sind, Urlaub machen, wandern oder einfach in der Region wohnen, unser Restaurant bietet Ihnen ein authentisches und geselliges Geschmackserlebnis.<\/p>\t\t\t\t\t\t\t\t<\/div>\n\t\t\t\t<\/div>\n\t\t\t\t\t<\/div>\n\t\t\t\t<\/div>\n\t\t\t\t<section class=\"elementor-section elementor-top-section elementor-element elementor-element-28ed6acb elementor-reverse-mobile_extra elementor-reverse-mobile elementor-section-boxed elementor-section-height-default elementor-section-height-default\" data-id=\"28ed6acb\" data-element_type=\"section\" data-e-type=\"section\" data-settings=\"{&quot;background_background&quot;:&quot;classic&quot;}\">\n\t\t\t\t\t\t<div class=\"elementor-container elementor-column-gap-default\">\n\t\t\t\t\t<div class=\"elementor-column elementor-col-50 elementor-top-column elementor-element elementor-element-2db03f71\" data-id=\"2db03f71\" data-element_type=\"column\" data-e-type=\"column\">\n\t\t\t<div class=\"elementor-widget-wrap elementor-element-populated\">\n\t\t\t\t\t\t<div class=\"elementor-element elementor-element-2f641cf elementor-widget-widescreen__width-initial elementor-widget-laptop__width-initial elementor-widget elementor-widget-heading\" data-id=\"2f641cf\" data-element_type=\"widget\" data-e-type=\"widget\" data-widget_type=\"heading.default\">\n\t\t\t\t<div class=\"elementor-widget-container\">\n\t\t\t\t\t<h3 class=\"elementor-heading-title elementor-size-default\">Eine hausgemachte K\u00fcche zwischen Provence und Portugal<\/h3>\t\t\t\t<\/div>\n\t\t\t\t<\/div>\n\t\t\t\t<div class=\"elementor-element elementor-element-9251eab elementor-widget-widescreen__width-initial elementor-widget elementor-widget-text-editor\" data-id=\"9251eab\" data-element_type=\"widget\" data-e-type=\"widget\" data-widget_type=\"text-editor.default\">\n\t\t\t\t<div class=\"elementor-widget-container\">\n\t\t\t\t\t\t\t\t\t<p data-start=\"937\" data-end=\"1071\">Unser K\u00fcchenchef stellt <strong data-start=\"968\" data-end=\"1007\">frische, lokale und saisonale Produkte<\/strong>Die meisten dieser Gerichte werden vor Ort mit Leidenschaft zubereitet.<br data-start=\"1041\" data-end=\"1044\" \/>Sie finden auf der Karte :<\/p><ul data-start=\"1073\" data-end=\"1348\"><li data-start=\"1073\" data-end=\"1118\"><p data-start=\"1075\" data-end=\"1118\">der <strong data-start=\"1079\" data-end=\"1106\">provenzalische Spezialit\u00e4ten<\/strong> neu \u00fcberarbeitet,<\/p><\/li><li data-start=\"1119\" data-end=\"1217\"><p data-start=\"1121\" data-end=\"1217\">der <strong data-start=\"1125\" data-end=\"1158\">traditionelle portugiesische Gerichte<\/strong> (z. B. Oktopus-Feijoada oder Kabeljau auf portugiesische Art),<\/p><\/li><li data-start=\"1218\" data-end=\"1257\"><p data-start=\"1220\" data-end=\"1257\">eine <strong data-start=\"1223\" data-end=\"1256\">schmackhaftes Tagesmen\u00fc<\/strong>,<\/p><\/li><li data-start=\"1258\" data-end=\"1348\"><p data-start=\"1260\" data-end=\"1348\">sowie <strong data-start=\"1274\" data-end=\"1293\">hausgemachte Desserts<\/strong> (Baba au rhum, Mousse au chocolat, Tarte proven\u00e7ale...).<\/p><\/li><\/ul><p data-start=\"1350\" data-end=\"1459\">Wir bieten auch eine <strong data-start=\"1379\" data-end=\"1411\">Fr\u00fchst\u00fccksformel f\u00fcr 7\u20ac<\/strong>Der Tag beginnt mit einem sanften Start in den Tag.<\/p>\t\t\t\t\t\t\t\t<\/div>\n\t\t\t\t<\/div>\n\t\t\t\t<div class=\"elementor-element elementor-element-b0efd4d elementor-widget-widescreen__width-initial elementor-widget-laptop__width-initial elementor-widget-tablet_extra__width-initial elementor-widget-mobile__width-initial elementor-widget elementor-widget-heading\" data-id=\"b0efd4d\" data-element_type=\"widget\" data-e-type=\"widget\" data-widget_type=\"heading.default\">\n\t\t\t\t<div class=\"elementor-widget-container\">\n\t\t\t\t\t<h3 class=\"elementor-heading-title elementor-size-default\">Eine angenehme Umgebung im Zentrum von Castellane<\/h3>\t\t\t\t<\/div>\n\t\t\t\t<\/div>\n\t\t\t\t<div class=\"elementor-element elementor-element-abb171e elementor-widget-widescreen__width-initial elementor-widget elementor-widget-text-editor\" data-id=\"abb171e\" data-element_type=\"widget\" data-e-type=\"widget\" data-widget_type=\"text-editor.default\">\n\t\t\t\t<div class=\"elementor-widget-container\">\n\t\t\t\t\t\t\t\t\t<p data-start=\"1522\" data-end=\"1846\">Angesiedelt auf der <strong data-start=\"1538\" data-end=\"1559\">Platz der Kirche<\/strong>Unser Restaurant befindet sich in einer privilegierten Lage, nur wenige Schritte vom Rathaus, der Post und den Gesch\u00e4ften im Zentrum entfernt.<br data-start=\"1681\" data-end=\"1684\" \/>Profitieren Sie von unserem <strong data-start=\"1702\" data-end=\"1726\">Sonnenterrasse<\/strong> an sch\u00f6nen Tagen mit Blick auf den Roc Notre-Dame, oder lassen Sie sich im Saal in einer herzlichen und famili\u00e4ren Atmosph\u00e4re nieder.<\/p><p data-start=\"1848\" data-end=\"2053\">Ob Sie <strong data-start=\"1863\" data-end=\"1902\">als Paar, mit der Familie oder mit Freunden<\/strong>Unser Team empf\u00e4ngt Sie mit einem L\u00e4cheln, auch in der Hochsaison. Wir empfehlen <strong data-start=\"1992\" data-end=\"2027\">Ihren Tisch im Voraus reservieren<\/strong>Die meisten Menschen sind in den Sommermonaten, vor allem in den Sommern\u00e4chten, anwesend.<\/p>\t\t\t\t\t\t\t\t<\/div>\n\t\t\t\t<\/div>\n\t\t\t\t\t<\/div>\n\t\t<\/div>\n\t\t\t\t<div class=\"elementor-column elementor-col-50 elementor-top-column elementor-element elementor-element-4456c95c\" data-id=\"4456c95c\" data-element_type=\"column\" data-e-type=\"column\" data-settings=\"{&quot;background_background&quot;:&quot;classic&quot;}\">\n\t\t\t<div class=\"elementor-widget-wrap elementor-element-populated\">\n\t\t\t\t\t\t<div class=\"elementor-element elementor-element-1a9cd0ea elementor-widget-widescreen__width-initial elementor-widget-tablet__width-initial elementor-widget elementor-widget-spacer\" data-id=\"1a9cd0ea\" data-element_type=\"widget\" data-e-type=\"widget\" data-widget_type=\"spacer.default\">\n\t\t\t\t<div class=\"elementor-widget-container\">\n\t\t\t\t\t\t\t<div class=\"elementor-spacer\">\n\t\t\t<div class=\"elementor-spacer-inner\"><\/div>\n\t\t<\/div>\n\t\t\t\t\t\t<\/div>\n\t\t\t\t<\/div>\n\t\t\t\t\t<\/div>\n\t\t<\/div>\n\t\t\t\t\t<\/div>\n\t\t<\/section>\n\t\t<div class=\"elementor-element elementor-element-b49dd89 e-flex e-con-boxed e-con e-parent\" data-id=\"b49dd89\" data-element_type=\"container\" data-e-type=\"container\">\n\t\t\t\t\t<div class=\"e-con-inner\">\n\t\t<div class=\"elementor-element elementor-element-4ed1908 e-grid e-con-full e-con e-child\" data-id=\"4ed1908\" data-element_type=\"container\" data-e-type=\"container\">\n\t\t<div class=\"elementor-element elementor-element-25b1f2e e-con-full e-flex e-con e-child\" data-id=\"25b1f2e\" data-element_type=\"container\" data-e-type=\"container\">\n\t\t\t\t<div class=\"elementor-element elementor-element-29468e7 elementor-widget elementor-widget-heading\" data-id=\"29468e7\" data-element_type=\"widget\" data-e-type=\"widget\" data-widget_type=\"heading.default\">\n\t\t\t\t<div class=\"elementor-widget-container\">\n\t\t\t\t\t<h2 class=\"elementor-heading-title elementor-size-default\">Eines der am besten bewerteten Restaurants in Castellane<\/h2>\t\t\t\t<\/div>\n\t\t\t\t<\/div>\n\t\t\t\t<div class=\"elementor-element elementor-element-cc4b20f elementor-widget elementor-widget-text-editor\" data-id=\"cc4b20f\" data-element_type=\"widget\" data-e-type=\"widget\" data-widget_type=\"text-editor.default\">\n\t\t\t\t<div class=\"elementor-widget-container\">\n\t\t\t\t\t\t\t\t\t<p data-start=\"2115\" data-end=\"2156\">Unsere G\u00e4ste sch\u00e4tzen besonders :<\/p><ul data-start=\"2158\" data-end=\"2325\"><li data-start=\"2158\" data-end=\"2180\"><p data-start=\"2160\" data-end=\"2180\">freundlicher Empfang,<\/p><\/li><li data-start=\"2181\" data-end=\"2211\"><p data-start=\"2183\" data-end=\"2211\">die <strong data-start=\"2186\" data-end=\"2210\">Preis-Leistungs-Verh\u00e4ltnis<\/strong>,<\/p><\/li><li data-start=\"2212\" data-end=\"2242\"><p data-start=\"2214\" data-end=\"2242\">die Gro\u00dfz\u00fcgigkeit der Teller,<\/p><\/li><li data-start=\"2243\" data-end=\"2279\"><p data-start=\"2245\" data-end=\"2279\">die <strong data-start=\"2248\" data-end=\"2278\">schneller und aufmerksamer Service<\/strong>,<\/p><\/li><li data-start=\"2280\" data-end=\"2325\"><p data-start=\"2282\" data-end=\"2325\">die <strong data-start=\"2285\" data-end=\"2324\">Sauberkeit und Einfachheit der Umgebung<\/strong>.<\/p><\/li><\/ul><p data-start=\"2327\" data-end=\"2463\">Wir sind stolz darauf, eine <strong data-start=\"2360\" data-end=\"2385\">durchschnittliche Bewertung 4,8\/5<\/strong> bei Google zu finden und von vielen Reisef\u00fchrern und Reiseberichten empfohlen zu werden.<\/p>\t\t\t\t\t\t\t\t<\/div>\n\t\t\t\t<\/div>\n\t\t\t\t<\/div>\n\t\t<div class=\"elementor-element elementor-element-702d761 e-con-full e-flex e-con e-child\" data-id=\"702d761\" data-element_type=\"container\" data-e-type=\"container\">\n\t\t\t\t<div class=\"elementor-element elementor-element-9bf7b59 elementor-widget elementor-widget-heading\" data-id=\"9bf7b59\" data-element_type=\"widget\" data-e-type=\"widget\" data-widget_type=\"heading.default\">\n\t\t\t\t<div class=\"elementor-widget-container\">\n\t\t\t\t\t<h2 class=\"elementor-heading-title elementor-size-default\">Warum sollten Sie unser Restaurant in Castellane w\u00e4hlen?<\/h2>\t\t\t\t<\/div>\n\t\t\t\t<\/div>\n\t\t\t\t<div class=\"elementor-element elementor-element-e03ebd0 elementor-widget elementor-widget-text-editor\" data-id=\"e03ebd0\" data-element_type=\"widget\" data-e-type=\"widget\" data-widget_type=\"text-editor.default\">\n\t\t\t\t<div class=\"elementor-widget-container\">\n\t\t\t\t\t\t\t\t\t<ul><li data-start=\"2821\" data-end=\"2863\"><p data-start=\"2823\" data-end=\"2863\">Hausgemachte, herzhafte und schmackhafte K\u00fcche<\/p><\/li><li data-start=\"2864\" data-end=\"2914\"><p data-start=\"2866\" data-end=\"2914\">Einzigartige portugiesische Spezialit\u00e4ten in der Region<\/p><\/li><li data-start=\"2915\" data-end=\"2952\"><p data-start=\"2917\" data-end=\"2952\">Ideale Lage im Stadtzentrum<\/p><\/li><li data-start=\"2953\" data-end=\"2993\"><p data-start=\"2955\" data-end=\"2993\">Herzlicher Empfang und gepflegter Service<\/p><\/li><li data-start=\"2994\" data-end=\"3028\"><p data-start=\"2996\" data-end=\"3028\">Hervorragendes Preis-Leistungs-Verh\u00e4ltnis<\/p><\/li><li data-start=\"3029\" data-end=\"3058\"><p data-start=\"3031\" data-end=\"3058\">Ruhige und famili\u00e4re Atmosph\u00e4re<\/p><\/li><\/ul>\t\t\t\t\t\t\t\t<\/div>\n\t\t\t\t<\/div>\n\t\t\t\t<\/div>\n\t\t\t\t<\/div>\n\t\t\t\t\t<\/div>\n\t\t\t\t<\/div>\n\t\t<div class=\"elementor-element elementor-element-8c1ce29 e-flex e-con-boxed e-con e-parent\" data-id=\"8c1ce29\" data-element_type=\"container\" data-e-type=\"container\">\n\t\t\t\t\t<div class=\"e-con-inner\">\n\t\t\t\t<div class=\"elementor-element elementor-element-3df011a elementor-widget elementor-widget-heading\" data-id=\"3df011a\" data-element_type=\"widget\" data-e-type=\"widget\" data-widget_type=\"heading.default\">\n\t\t\t\t<div class=\"elementor-widget-container\">\n\t\t\t\t\t<h2 class=\"elementor-heading-title elementor-size-default\"> Reservieren Sie jetzt Ihren Tisch<\/h2>\t\t\t\t<\/div>\n\t\t\t\t<\/div>\n\t\t\t\t<div class=\"elementor-element elementor-element-55c708c elementor-widget elementor-widget-text-editor\" data-id=\"55c708c\" data-element_type=\"widget\" data-e-type=\"widget\" data-widget_type=\"text-editor.default\">\n\t\t\t\t<div class=\"elementor-widget-container\">\n\t\t\t\t\t\t\t\t\t<p data-start=\"2514\" data-end=\"2758\">Haben Sie Lust, eine gute Zeit bei einem guten Essen in Castellane zu verbringen?<\/p><p data-start=\"2514\" data-end=\"2758\"><br data-start=\"2580\" data-end=\"2583\" \/>Die <strong data-start=\"2586\" data-end=\"2618\">Restaurant des H\u00f4tel du Roc<\/strong> empf\u00e4ngt Sie mittags und abends (w\u00f6chentliche Schlie\u00dfung am Montag).<\/p><p data-start=\"2514\" data-end=\"2758\"><br data-start=\"2681\" data-end=\"2684\" \/>Telefonische Reservierungen unter <strong data-start=\"2714\" data-end=\"2732\">04 92 83 62 65<\/strong> oder direkt vor Ort.<\/p>\t\t\t\t\t\t\t\t<\/div>\n\t\t\t\t<\/div>\n\t\t\t\t<div class=\"elementor-element elementor-element-e89e79d elementor-widget elementor-widget-text-editor\" data-id=\"e89e79d\" data-element_type=\"widget\" data-e-type=\"widget\" data-widget_type=\"text-editor.default\">\n\t\t\t\t<div class=\"elementor-widget-container\">\n\t\t\t\t\t\t\t\t\t<p data-start=\"2514\" data-end=\"2758\">Restaurant Castellane | H\u00f4tel du Roc - Der Geschmack des Wahren, die Gastfreundschaft des Herzens.<\/p>\t\t\t\t\t\t\t\t<\/div>\n\t\t\t\t<\/div>\n\t\t\t\t\t<\/div>\n\t\t\t\t<\/div>\n\t\t\t\t<\/div>","protected":false},"excerpt":{"rendered":"<p>Restaurant \u00e0 Castellane Sp\u00e9cialit\u00e9s locales &amp; portugaises Vous cherchez un bon restaurant \u00e0 Castellane pour d\u00e9jeuner ou d\u00eener dans un cadre chaleureux, au c\u0153ur du village ? Bienvenue au restaurant de l\u2019H\u00f4tel du Roc, l\u2019une des meilleures adresses de Castellane pour savourer une cuisine g\u00e9n\u00e9reuse m\u00ealant terroir proven\u00e7al et inspirations portugaises. Que vous soyez de [&hellip;]<\/p>\n","protected":false},"author":1,"featured_media":0,"parent":0,"menu_order":0,"comment_status":"closed","ping_status":"closed","template":"","meta":{"footnotes":""},"class_list":["post-3951","page","type-page","status-publish","hentry"],"_links":{"self":[{"href":"https:\/\/hotel-du-roc04.fr\/de\/wp-json\/wp\/v2\/pages\/3951","targetHints":{"allow":["GET"]}}],"collection":[{"href":"https:\/\/hotel-du-roc04.fr\/de\/wp-json\/wp\/v2\/pages"}],"about":[{"href":"https:\/\/hotel-du-roc04.fr\/de\/wp-json\/wp\/v2\/types\/page"}],"author":[{"embeddable":true,"href":"https:\/\/hotel-du-roc04.fr\/de\/wp-json\/wp\/v2\/users\/1"}],"replies":[{"embeddable":true,"href":"https:\/\/hotel-du-roc04.fr\/de\/wp-json\/wp\/v2\/comments?post=3951"}],"version-history":[{"count":10,"href":"https:\/\/hotel-du-roc04.fr\/de\/wp-json\/wp\/v2\/pages\/3951\/revisions"}],"predecessor-version":[{"id":3975,"href":"https:\/\/hotel-du-roc04.fr\/de\/wp-json\/wp\/v2\/pages\/3951\/revisions\/3975"}],"wp:attachment":[{"href":"https:\/\/hotel-du-roc04.fr\/de\/wp-json\/wp\/v2\/media?parent=3951"}],"curies":[{"name":"wp","href":"https:\/\/api.w.org\/{rel}","templated":true}]}}