{"id":1846,"date":"2025-04-14T13:33:29","date_gmt":"2025-04-14T13:33:29","guid":{"rendered":"https:\/\/hotel-du-roc04.com\/?page_id=1846"},"modified":"2025-05-07T17:48:49","modified_gmt":"2025-05-07T17:48:49","slug":"hotel-familienzimmer-gorges-du-verdon","status":"publish","type":"page","link":"https:\/\/hotel-du-roc04.fr\/de\/hotel-chambre-familiale-gorges-du-verdon\/","title":{"rendered":"Hotel Familienzimmer Gorges du Verdon"},"content":{"rendered":"<div data-elementor-type=\"wp-page\" data-elementor-id=\"1846\" class=\"elementor elementor-1846\" data-elementor-post-type=\"page\">\n\t\t\t\t<div class=\"elementor-element elementor-element-8699556 e-con-full e-flex e-con e-parent\" data-id=\"8699556\" data-element_type=\"container\" data-e-type=\"container\">\n\t\t\t\t<div class=\"elementor-element elementor-element-7847760 elementor-widget elementor-widget-spacer\" data-id=\"7847760\" data-element_type=\"widget\" data-e-type=\"widget\" data-widget_type=\"spacer.default\">\n\t\t\t\t<div class=\"elementor-widget-container\">\n\t\t\t\t\t\t\t<div class=\"elementor-spacer\">\n\t\t\t<div class=\"elementor-spacer-inner\"><\/div>\n\t\t<\/div>\n\t\t\t\t\t\t<\/div>\n\t\t\t\t<\/div>\n\t\t\t\t<\/div>\n\t\t<div class=\"elementor-element elementor-element-333dadf0 e-flex e-con-boxed e-con e-parent\" data-id=\"333dadf0\" data-element_type=\"container\" data-e-type=\"container\">\n\t\t\t\t\t<div class=\"e-con-inner\">\n\t\t\t\t<div class=\"elementor-element elementor-element-76de863 elementor-widget elementor-widget-heading\" data-id=\"76de863\" data-element_type=\"widget\" data-e-type=\"widget\" data-widget_type=\"heading.default\">\n\t\t\t\t<div class=\"elementor-widget-container\">\n\t\t\t\t\t<h1 class=\"elementor-heading-title elementor-size-default\">Hotel Familienzimmer <br>Schluchten des Verdon<\/h1>\t\t\t\t<\/div>\n\t\t\t\t<\/div>\n\t\t\t\t\t<\/div>\n\t\t\t\t<\/div>\n\t\t<div class=\"elementor-element elementor-element-1ca9a43 e-flex e-con-boxed e-con e-parent\" data-id=\"1ca9a43\" data-element_type=\"container\" data-e-type=\"container\">\n\t\t\t\t\t<div class=\"e-con-inner\">\n\t\t\t\t<div class=\"elementor-element elementor-element-d1e1507 elementor-widget elementor-widget-spacer\" data-id=\"d1e1507\" data-element_type=\"widget\" data-e-type=\"widget\" data-widget_type=\"spacer.default\">\n\t\t\t\t<div class=\"elementor-widget-container\">\n\t\t\t\t\t\t\t<div class=\"elementor-spacer\">\n\t\t\t<div class=\"elementor-spacer-inner\"><\/div>\n\t\t<\/div>\n\t\t\t\t\t\t<\/div>\n\t\t\t\t<\/div>\n\t\t\t\t<div class=\"elementor-element elementor-element-e8d6152 elementor-widget elementor-widget-text-editor\" data-id=\"e8d6152\" data-element_type=\"widget\" data-e-type=\"widget\" data-widget_type=\"text-editor.default\">\n\t\t\t\t<div class=\"elementor-widget-container\">\n\t\t\t\t\t\t\t\t\t<p style=\"text-align: center;\">Es sind Ferien und Sie suchen nach einem Ort, an dem Sie mit Ihrer Familie bleiben k\u00f6nnen? Nehmen Sie Kontakt auf mit\u00a0<strong>HOTEL DU ROC<\/strong>. Es ist ein\u00a0<strong>hotel<\/strong>\u00a0<strong>von Familienzimmer in Gorges du Verdon<\/strong>\u00a0gegr\u00fcndet 1955.<\/p>\t\t\t\t\t\t\t\t<\/div>\n\t\t\t\t<\/div>\n\t\t\t\t<div class=\"elementor-element elementor-element-6fcf5ec elementor-widget elementor-widget-spacer\" data-id=\"6fcf5ec\" data-element_type=\"widget\" data-e-type=\"widget\" data-widget_type=\"spacer.default\">\n\t\t\t\t<div class=\"elementor-widget-container\">\n\t\t\t\t\t\t\t<div class=\"elementor-spacer\">\n\t\t\t<div class=\"elementor-spacer-inner\"><\/div>\n\t\t<\/div>\n\t\t\t\t\t\t<\/div>\n\t\t\t\t<\/div>\n\t\t\t\t\t<\/div>\n\t\t\t\t<\/div>\n\t\t\t\t<section class=\"elementor-section elementor-top-section elementor-element elementor-element-28ed6acb elementor-reverse-mobile_extra elementor-reverse-mobile elementor-section-boxed elementor-section-height-default elementor-section-height-default\" data-id=\"28ed6acb\" data-element_type=\"section\" data-e-type=\"section\" data-settings=\"{&quot;background_background&quot;:&quot;classic&quot;}\">\n\t\t\t\t\t\t<div class=\"elementor-container elementor-column-gap-default\">\n\t\t\t\t\t<div class=\"elementor-column elementor-col-50 elementor-top-column elementor-element elementor-element-2db03f71\" data-id=\"2db03f71\" data-element_type=\"column\" data-e-type=\"column\">\n\t\t\t<div class=\"elementor-widget-wrap elementor-element-populated\">\n\t\t\t\t\t\t<div class=\"elementor-element elementor-element-a743c55 elementor-widget-widescreen__width-initial elementor-widget-laptop__width-initial elementor-widget-mobile_extra__width-initial elementor-widget elementor-widget-heading\" data-id=\"a743c55\" data-element_type=\"widget\" data-e-type=\"widget\" data-widget_type=\"heading.default\">\n\t\t\t\t<div class=\"elementor-widget-container\">\n\t\t\t\t\t<h2 class=\"elementor-heading-title elementor-size-default\">M\u00f6chten Sie mit Ihrer ganzen Familie ein angenehmes Wochenende an einem schicken Ort verbringen? Machen Sie eine Reservierung in unserem Hotelbetrieb in Gorges du Verdon<\/h2>\t\t\t\t<\/div>\n\t\t\t\t<\/div>\n\t\t\t\t<div class=\"elementor-element elementor-element-fa0e725 elementor-widget-widescreen__width-initial elementor-widget elementor-widget-text-editor\" data-id=\"fa0e725\" data-element_type=\"widget\" data-e-type=\"widget\" data-widget_type=\"text-editor.default\">\n\t\t\t\t<div class=\"elementor-widget-container\">\n\t\t\t\t\t\t\t\t\t<p>Die Ferien sind schon da! M\u00f6chten Sie und Ihre Familie diese an einem au\u00dfergew\u00f6hnlichen Ort verbringen? Z\u00f6gern Sie nicht und buchen Sie eine unserer\u00a0<strong>Zimmer in unserer Unterkunft<\/strong>. Unsere Zimmer sind ger\u00e4umig und gepflegt. Wir legen gro\u00dfen Wert darauf, Ihre Sicherheit und Ihren Komfort zu gew\u00e4hrleisten. Wir bieten auch gastronomische Dienstleistungen und unterhaltsame Aktivit\u00e4ten an. Unser Team ist ausreichend geschult und ausger\u00fcstet, um all Ihren Anforderungen gerecht zu werden.<\/p>\t\t\t\t\t\t\t\t<\/div>\n\t\t\t\t<\/div>\n\t\t\t\t<div class=\"elementor-element elementor-element-2f641cf elementor-widget-widescreen__width-initial elementor-widget-laptop__width-initial elementor-widget elementor-widget-heading\" data-id=\"2f641cf\" data-element_type=\"widget\" data-e-type=\"widget\" data-widget_type=\"heading.default\">\n\t\t\t\t<div class=\"elementor-widget-container\">\n\t\t\t\t\t<h3 class=\"elementor-heading-title elementor-size-default\">Vereinbaren Sie einen Termin mit HOTEL DU ROC <br>indem Sie die Nummer 04 92 83 62 65 w\u00e4hlen<\/h3>\t\t\t\t<\/div>\n\t\t\t\t<\/div>\n\t\t\t\t<div class=\"elementor-element elementor-element-9251eab elementor-widget-widescreen__width-initial elementor-widget elementor-widget-text-editor\" data-id=\"9251eab\" data-element_type=\"widget\" data-e-type=\"widget\" data-widget_type=\"text-editor.default\">\n\t\t\t\t<div class=\"elementor-widget-container\">\n\t\t\t\t\t\t\t\t\t<p>Unser\u00a0<strong>Hotel Familienzimmer in Gorges du Verdon<\/strong>\u00a0verf\u00fcgt \u00fcber alles, was Sie brauchen, um Ihren Urlaub unvergesslich zu machen. Unsere Zimmer sind familienfreundlich gestaltet und verf\u00fcgen \u00fcber eine eigene Dusche mit kostenlosen Kosmetikprodukten. Wenn Sie ein Baby haben, stellen wir Ihnen eine Babyausstattung zur Verf\u00fcgung, darunter ein Bett, einen Stuhl und einen Flaschenw\u00e4rmer. Wenn Sie sich mit der Natur verbinden m\u00f6chten, liegt unsere Anlage in der N\u00e4he des Flusses und der Schluchten des Verdon und hat einen Panoramablick auf die Berge der Region.<\/p>\t\t\t\t\t\t\t\t<\/div>\n\t\t\t\t<\/div>\n\t\t\t\t<div class=\"elementor-element elementor-element-b0efd4d elementor-widget-widescreen__width-initial elementor-widget-laptop__width-initial elementor-widget-tablet_extra__width-initial elementor-widget elementor-widget-heading\" data-id=\"b0efd4d\" data-element_type=\"widget\" data-e-type=\"widget\" data-widget_type=\"heading.default\">\n\t\t\t\t<div class=\"elementor-widget-container\">\n\t\t\t\t\t<h4 class=\"elementor-heading-title elementor-size-default\">45 Jahre zu Ihren Diensten!<\/h4>\t\t\t\t<\/div>\n\t\t\t\t<\/div>\n\t\t\t\t<div class=\"elementor-element elementor-element-abb171e elementor-widget-widescreen__width-initial elementor-widget elementor-widget-text-editor\" data-id=\"abb171e\" data-element_type=\"widget\" data-e-type=\"widget\" data-widget_type=\"text-editor.default\">\n\t\t\t\t<div class=\"elementor-widget-container\">\n\t\t\t\t\t\t\t\t\t<p>Gelegen im\u00a0<em>3 Place de l'Eglise,<\/em>\u00a0in Castellane (04120) empf\u00e4ngt das HOTEL DU ROC die\u00a0<strong>Familien in ihrem Unterkunftsort<\/strong>. Wir sind auch spezialisiert auf<a href=\"https:\/\/hotel-du-roc04.fr\/de\/hotellerie-gorges-du-verdon.html\/\" target=\"_blank\" rel=\"noopener\"><strong>Gastgewerbe<\/strong><\/a>. Ben\u00f6tigen Sie weitere Informationen? Kontaktieren Sie uns unter\u00a0<em>04 92 83 62 65<\/em>.<\/p>\t\t\t\t\t\t\t\t<\/div>\n\t\t\t\t<\/div>\n\t\t\t\t\t<\/div>\n\t\t<\/div>\n\t\t\t\t<div class=\"elementor-column elementor-col-50 elementor-top-column elementor-element elementor-element-4456c95c\" data-id=\"4456c95c\" data-element_type=\"column\" data-e-type=\"column\" data-settings=\"{&quot;background_background&quot;:&quot;classic&quot;}\">\n\t\t\t<div class=\"elementor-widget-wrap elementor-element-populated\">\n\t\t\t\t\t\t<div class=\"elementor-element elementor-element-1a9cd0ea elementor-widget-widescreen__width-initial elementor-widget-tablet__width-initial elementor-widget elementor-widget-spacer\" data-id=\"1a9cd0ea\" data-element_type=\"widget\" data-e-type=\"widget\" data-widget_type=\"spacer.default\">\n\t\t\t\t<div class=\"elementor-widget-container\">\n\t\t\t\t\t\t\t<div class=\"elementor-spacer\">\n\t\t\t<div class=\"elementor-spacer-inner\"><\/div>\n\t\t<\/div>\n\t\t\t\t\t\t<\/div>\n\t\t\t\t<\/div>\n\t\t\t\t\t<\/div>\n\t\t<\/div>\n\t\t\t\t\t<\/div>\n\t\t<\/section>\n\t\t\t\t<\/div>","protected":false},"excerpt":{"rendered":"<p>H\u00f4tel chambre familiale Gorges du Verdon Ce sont les vacances et vous recherchez un endroit o\u00f9 s\u00e9journer avec votre famille\u2009? Prenez contact avec\u00a0HOTEL DU ROC. C\u2019est un\u00a0h\u00f4tel\u00a0de chambre familiale \u00e0 Gorges du Verdon\u00a0cr\u00e9\u00e9 en 1955. Vous d\u00e9sirez passer un week-end agr\u00e9able dans un endroit chic avec toute votre famille\u2009? Faites une r\u00e9servation dans notre \u00e9tablissement [&hellip;]<\/p>\n","protected":false},"author":1,"featured_media":0,"parent":0,"menu_order":0,"comment_status":"closed","ping_status":"closed","template":"","meta":{"footnotes":""},"class_list":["post-1846","page","type-page","status-publish","hentry"],"yoast_head":"<!-- This site is optimized with the Yoast SEO plugin v27.5 - https:\/\/yoast.com\/product\/yoast-seo-wordpress\/ -->\n<title>H\u00f4tel Familial \u2013 Gorges du Verdon (Castellane)<\/title>\n<meta name=\"description\" content=\"H\u00f4tel familial aux Gorges du Verdon (Castellane). Chambres spacieuses id\u00e9ales pour familles. En bord de rivi\u00e8re, vue sur montagnes.\" \/>\n<meta name=\"robots\" content=\"index, follow, max-snippet:-1, max-image-preview:large, max-video-preview:-1\" \/>\n<link rel=\"canonical\" href=\"https:\/\/hotel-du-roc04.fr\/de\/hotel-familienzimmer-gorges-du-verdon\/\" \/>\n<meta property=\"og:locale\" content=\"de_DE\" \/>\n<meta property=\"og:type\" content=\"article\" \/>\n<meta property=\"og:title\" content=\"H\u00f4tel Familial \u2013 Gorges du Verdon (Castellane)\" \/>\n<meta property=\"og:description\" content=\"H\u00f4tel familial aux Gorges du Verdon (Castellane). Chambres spacieuses id\u00e9ales pour familles. En bord de rivi\u00e8re, vue sur montagnes.\" \/>\n<meta property=\"og:url\" content=\"https:\/\/hotel-du-roc04.fr\/de\/hotel-familienzimmer-gorges-du-verdon\/\" \/>\n<meta property=\"og:site_name\" content=\"H\u00f4tel du Roc Castellane\" \/>\n<meta property=\"article:modified_time\" content=\"2025-05-07T17:48:49+00:00\" \/>\n<meta name=\"twitter:card\" content=\"summary_large_image\" \/>\n<meta name=\"twitter:label1\" content=\"Gesch\u00e4tzte Lesezeit\" \/>\n\t<meta name=\"twitter:data1\" content=\"2\u00a0Minuten\" \/>\n<script type=\"application\/ld+json\" class=\"yoast-schema-graph\">{\"@context\":\"https:\\\/\\\/schema.org\",\"@graph\":[{\"@type\":\"WebPage\",\"@id\":\"https:\\\/\\\/hotel-du-roc04.fr\\\/hotel-chambre-familiale-gorges-du-verdon\\\/\",\"url\":\"https:\\\/\\\/hotel-du-roc04.fr\\\/hotel-chambre-familiale-gorges-du-verdon\\\/\",\"name\":\"H\u00f4tel Familial \u2013 Gorges du Verdon (Castellane)\",\"isPartOf\":{\"@id\":\"https:\\\/\\\/hotel-du-roc04.fr\\\/#website\"},\"datePublished\":\"2025-04-14T13:33:29+00:00\",\"dateModified\":\"2025-05-07T17:48:49+00:00\",\"description\":\"H\u00f4tel familial aux Gorges du Verdon (Castellane). Chambres spacieuses id\u00e9ales pour familles. En bord de rivi\u00e8re, vue sur montagnes.\",\"breadcrumb\":{\"@id\":\"https:\\\/\\\/hotel-du-roc04.fr\\\/hotel-chambre-familiale-gorges-du-verdon\\\/#breadcrumb\"},\"inLanguage\":\"de\",\"potentialAction\":[{\"@type\":\"ReadAction\",\"target\":[\"https:\\\/\\\/hotel-du-roc04.fr\\\/hotel-chambre-familiale-gorges-du-verdon\\\/\"]}]},{\"@type\":\"BreadcrumbList\",\"@id\":\"https:\\\/\\\/hotel-du-roc04.fr\\\/hotel-chambre-familiale-gorges-du-verdon\\\/#breadcrumb\",\"itemListElement\":[{\"@type\":\"ListItem\",\"position\":1,\"name\":\"Accueil\",\"item\":\"https:\\\/\\\/hotel-du-roc04.fr\\\/\"},{\"@type\":\"ListItem\",\"position\":2,\"name\":\"H\u00f4tel chambre familiale Gorges du Verdon\"}]},{\"@type\":\"WebSite\",\"@id\":\"https:\\\/\\\/hotel-du-roc04.fr\\\/#website\",\"url\":\"https:\\\/\\\/hotel-du-roc04.fr\\\/\",\"name\":\"H\u00f4tel du Roc \u00e0 Castellane\",\"description\":\"\",\"publisher\":{\"@id\":\"https:\\\/\\\/hotel-du-roc04.fr\\\/#organization\"},\"potentialAction\":[{\"@type\":\"SearchAction\",\"target\":{\"@type\":\"EntryPoint\",\"urlTemplate\":\"https:\\\/\\\/hotel-du-roc04.fr\\\/?s={search_term_string}\"},\"query-input\":{\"@type\":\"PropertyValueSpecification\",\"valueRequired\":true,\"valueName\":\"search_term_string\"}}],\"inLanguage\":\"de\"},{\"@type\":\"Organization\",\"@id\":\"https:\\\/\\\/hotel-du-roc04.fr\\\/#organization\",\"name\":\"H\u00f4tel du Roc \u00e0 Castellane\",\"url\":\"https:\\\/\\\/hotel-du-roc04.fr\\\/\",\"logo\":{\"@type\":\"ImageObject\",\"inLanguage\":\"de\",\"@id\":\"https:\\\/\\\/hotel-du-roc04.fr\\\/#\\\/schema\\\/logo\\\/image\\\/\",\"url\":\"https:\\\/\\\/hotel-du-roc04.fr\\\/wp-content\\\/uploads\\\/2025\\\/05\\\/logo-roc-M-500-1.webp\",\"contentUrl\":\"https:\\\/\\\/hotel-du-roc04.fr\\\/wp-content\\\/uploads\\\/2025\\\/05\\\/logo-roc-M-500-1.webp\",\"width\":500,\"height\":500,\"caption\":\"H\u00f4tel du Roc \u00e0 Castellane\"},\"image\":{\"@id\":\"https:\\\/\\\/hotel-du-roc04.fr\\\/#\\\/schema\\\/logo\\\/image\\\/\"}}]}<\/script>\n<!-- \/ Yoast SEO plugin. -->","yoast_head_json":{"title":"Familienhotel - Gorges du Verdon (Castellane)","description":"Familienhotel in den Gorges du Verdon (Castellane). Ger\u00e4umige Zimmer, ideal f\u00fcr Familien. Am Flussufer, Blick auf die Berge.","robots":{"index":"index","follow":"follow","max-snippet":"max-snippet:-1","max-image-preview":"max-image-preview:large","max-video-preview":"max-video-preview:-1"},"canonical":"https:\/\/hotel-du-roc04.fr\/de\/hotel-familienzimmer-gorges-du-verdon\/","og_locale":"de_DE","og_type":"article","og_title":"H\u00f4tel Familial \u2013 Gorges du Verdon (Castellane)","og_description":"H\u00f4tel familial aux Gorges du Verdon (Castellane). Chambres spacieuses id\u00e9ales pour familles. En bord de rivi\u00e8re, vue sur montagnes.","og_url":"https:\/\/hotel-du-roc04.fr\/de\/hotel-familienzimmer-gorges-du-verdon\/","og_site_name":"H\u00f4tel du Roc Castellane","article_modified_time":"2025-05-07T17:48:49+00:00","twitter_card":"summary_large_image","twitter_misc":{"Gesch\u00e4tzte Lesezeit":"2\u00a0Minuten"},"schema":{"@context":"https:\/\/schema.org","@graph":[{"@type":"WebPage","@id":"https:\/\/hotel-du-roc04.fr\/hotel-chambre-familiale-gorges-du-verdon\/","url":"https:\/\/hotel-du-roc04.fr\/hotel-chambre-familiale-gorges-du-verdon\/","name":"Familienhotel - Gorges du Verdon (Castellane)","isPartOf":{"@id":"https:\/\/hotel-du-roc04.fr\/#website"},"datePublished":"2025-04-14T13:33:29+00:00","dateModified":"2025-05-07T17:48:49+00:00","description":"Familienhotel in den Gorges du Verdon (Castellane). Ger\u00e4umige Zimmer, ideal f\u00fcr Familien. Am Flussufer, Blick auf die Berge.","breadcrumb":{"@id":"https:\/\/hotel-du-roc04.fr\/hotel-chambre-familiale-gorges-du-verdon\/#breadcrumb"},"inLanguage":"de","potentialAction":[{"@type":"ReadAction","target":["https:\/\/hotel-du-roc04.fr\/hotel-chambre-familiale-gorges-du-verdon\/"]}]},{"@type":"BreadcrumbList","@id":"https:\/\/hotel-du-roc04.fr\/hotel-chambre-familiale-gorges-du-verdon\/#breadcrumb","itemListElement":[{"@type":"ListItem","position":1,"name":"Accueil","item":"https:\/\/hotel-du-roc04.fr\/"},{"@type":"ListItem","position":2,"name":"H\u00f4tel chambre familiale Gorges du Verdon"}]},{"@type":"WebSite","@id":"https:\/\/hotel-du-roc04.fr\/#website","url":"https:\/\/hotel-du-roc04.fr\/","name":"H\u00f4tel du Roc in Castellane","description":"","publisher":{"@id":"https:\/\/hotel-du-roc04.fr\/#organization"},"potentialAction":[{"@type":"SearchAction","target":{"@type":"EntryPoint","urlTemplate":"https:\/\/hotel-du-roc04.fr\/?s={search_term_string}"},"query-input":{"@type":"PropertyValueSpecification","valueRequired":true,"valueName":"search_term_string"}}],"inLanguage":"de"},{"@type":"Organization","@id":"https:\/\/hotel-du-roc04.fr\/#organization","name":"H\u00f4tel du Roc in Castellane","url":"https:\/\/hotel-du-roc04.fr\/","logo":{"@type":"ImageObject","inLanguage":"de","@id":"https:\/\/hotel-du-roc04.fr\/#\/schema\/logo\/image\/","url":"https:\/\/hotel-du-roc04.fr\/wp-content\/uploads\/2025\/05\/logo-roc-M-500-1.webp","contentUrl":"https:\/\/hotel-du-roc04.fr\/wp-content\/uploads\/2025\/05\/logo-roc-M-500-1.webp","width":500,"height":500,"caption":"H\u00f4tel du Roc \u00e0 Castellane"},"image":{"@id":"https:\/\/hotel-du-roc04.fr\/#\/schema\/logo\/image\/"}}]}},"_links":{"self":[{"href":"https:\/\/hotel-du-roc04.fr\/de\/wp-json\/wp\/v2\/pages\/1846","targetHints":{"allow":["GET"]}}],"collection":[{"href":"https:\/\/hotel-du-roc04.fr\/de\/wp-json\/wp\/v2\/pages"}],"about":[{"href":"https:\/\/hotel-du-roc04.fr\/de\/wp-json\/wp\/v2\/types\/page"}],"author":[{"embeddable":true,"href":"https:\/\/hotel-du-roc04.fr\/de\/wp-json\/wp\/v2\/users\/1"}],"replies":[{"embeddable":true,"href":"https:\/\/hotel-du-roc04.fr\/de\/wp-json\/wp\/v2\/comments?post=1846"}],"version-history":[{"count":20,"href":"https:\/\/hotel-du-roc04.fr\/de\/wp-json\/wp\/v2\/pages\/1846\/revisions"}],"predecessor-version":[{"id":3713,"href":"https:\/\/hotel-du-roc04.fr\/de\/wp-json\/wp\/v2\/pages\/1846\/revisions\/3713"}],"wp:attachment":[{"href":"https:\/\/hotel-du-roc04.fr\/de\/wp-json\/wp\/v2\/media?parent=1846"}],"curies":[{"name":"wp","href":"https:\/\/api.w.org\/{rel}","templated":true}]}}