{"id":1666,"date":"2025-04-09T09:04:44","date_gmt":"2025-04-09T09:04:44","guid":{"rendered":"https:\/\/hotel-du-roc04.com\/?page_id=1666"},"modified":"2025-04-09T09:48:47","modified_gmt":"2025-04-09T09:48:47","slug":"rechtliche-hinweise","status":"publish","type":"page","link":"https:\/\/hotel-du-roc04.fr\/de\/mentions-legales\/","title":{"rendered":"Rechtliche Hinweise"},"content":{"rendered":"<div data-elementor-type=\"wp-page\" data-elementor-id=\"1666\" class=\"elementor elementor-1666\" data-elementor-post-type=\"page\">\n\t\t\t\t<div class=\"elementor-element elementor-element-8699556 e-con-full e-flex e-con e-parent\" data-id=\"8699556\" data-element_type=\"container\" data-e-type=\"container\">\n\t\t\t\t<div class=\"elementor-element elementor-element-7847760 elementor-widget elementor-widget-spacer\" data-id=\"7847760\" data-element_type=\"widget\" data-e-type=\"widget\" data-widget_type=\"spacer.default\">\n\t\t\t\t<div class=\"elementor-widget-container\">\n\t\t\t\t\t\t\t<div class=\"elementor-spacer\">\n\t\t\t<div class=\"elementor-spacer-inner\"><\/div>\n\t\t<\/div>\n\t\t\t\t\t\t<\/div>\n\t\t\t\t<\/div>\n\t\t\t\t<\/div>\n\t\t<div class=\"elementor-element elementor-element-333dadf0 e-flex e-con-boxed e-con e-parent\" data-id=\"333dadf0\" data-element_type=\"container\" data-e-type=\"container\">\n\t\t\t\t\t<div class=\"e-con-inner\">\n\t\t\t\t<div class=\"elementor-element elementor-element-76de863 elementor-widget elementor-widget-heading\" data-id=\"76de863\" data-element_type=\"widget\" data-e-type=\"widget\" data-widget_type=\"heading.default\">\n\t\t\t\t<div class=\"elementor-widget-container\">\n\t\t\t\t\t<h2 class=\"elementor-heading-title elementor-size-default\">Rechtliche Hinweise<\/h2>\t\t\t\t<\/div>\n\t\t\t\t<\/div>\n\t\t\t\t<div class=\"elementor-element elementor-element-6535712a elementor-widget elementor-widget-text-editor\" data-id=\"6535712a\" data-element_type=\"widget\" data-e-type=\"widget\" data-widget_type=\"text-editor.default\">\n\t\t\t\t<div class=\"elementor-widget-container\">\n\t\t\t\t\t\t\t\t\t\n<h3 class=\"wp-block-heading\" data-start=\"317\" data-end=\"344\">1. <strong>Vorstellung der Seite<\/strong><\/h3>\n<p class=\"\" data-start=\"346\" data-end=\"635\">Gem\u00e4\u00df Artikel 6 des Gesetzes Nr. 2004-575 vom 21. Juni 2004 \u00fcber das Vertrauen in die digitale Wirtschaft wird den Nutzern der Website Folgendes mitgeteilt <a class=\"\" href=\"https:\/\/hotel-du-roc04.fr\/de\/\" target=\"_new\" rel=\"noopener\" data-start=\"493\" data-end=\"546\">www.hotel-du-roc04.fr<\/a> die Identit\u00e4t der verschiedenen Personen, die an seiner Durchf\u00fchrung und Nachbereitung beteiligt sind :<\/p>\n<p class=\"\" data-start=\"637\" data-end=\"786\"><strong data-start=\"637\" data-end=\"676\">Herausgeber und Publikationsleiter<\/strong> :<br data-start=\"678\" data-end=\"681\" \/><strong data-start=\"681\" data-end=\"697\">H\u00d4TEL DU ROC<\/strong><br data-start=\"697\" data-end=\"700\" \/>3 Place de l'Eglise, 04120 Castellane<br data-start=\"737\" data-end=\"740\" \/>Tel.: 04 92 83 62 65<br data-start=\"761\" data-end=\"764\" \/>Siret: 42238517900011<\/p>\n<p class=\"\" data-start=\"788\" data-end=\"934\"><strong data-start=\"788\" data-end=\"817\">Erstellung der Internetseite<\/strong> :<br data-start=\"819\" data-end=\"822\" \/><strong data-start=\"822\" data-end=\"839\">Livada Florin<\/strong><br data-start=\"839\" data-end=\"842\" \/>04120 Castellane<br data-start=\"858\" data-end=\"861\" \/>Standort : <a class=\"\" href=\"https:\/\/www.livada.fr\" target=\"_new\" rel=\"noopener\" data-start=\"868\" data-end=\"906\">www.livada.fr<\/a><br data-start=\"906\" data-end=\"909\" \/>E-Mail: <a class=\"cursor-pointer\" rel=\"noopener\" data-start=\"917\" data-end=\"934\">contact@livada.fr<\/a><\/p>\n<p class=\"\" data-start=\"936\" data-end=\"1030\"><strong data-start=\"936\" data-end=\"949\">Hoster<\/strong> :<br data-start=\"951\" data-end=\"954\" \/>HOSTINGER INTERNATIONAL LTD<br data-start=\"981\" data-end=\"984\" \/>61 Lordou Vironos Street, 6023 Larnaca, Zypern<\/p>\n<h3 class=\"\" data-start=\"1037\" data-end=\"1111\">2. <strong>Allgemeine Bedingungen f\u00fcr die Nutzung der Website und der angebotenen Dienste<\/strong><\/h3>\n<p class=\"\" data-start=\"1113\" data-end=\"1440\">Die Nutzung der Seite <a class=\"\" href=\"https:\/\/hotel-du-roc04.fr\/de\/\" target=\"_new\" rel=\"noopener\" data-start=\"1135\" data-end=\"1156\">www.hotel-du-roc04.fr<\/a> und\/oder der dazugeh\u00f6rigen mobilen Anwendung bedeutet, dass Sie die nachstehend beschriebenen allgemeinen Nutzungsbedingungen voll und ganz akzeptieren.<br data-start=\"1294\" data-end=\"1297\" \/>Diese Bedingungen k\u00f6nnen jederzeit ge\u00e4ndert oder erg\u00e4nzt werden; den Nutzern wird daher empfohlen, sie regelm\u00e4\u00dfig zu konsultieren.<\/p>\n<p class=\"\" data-start=\"1442\" data-end=\"1631\">Die Website ist normalerweise jederzeit zug\u00e4nglich. Eine Unterbrechung aufgrund von Wartungsarbeiten kann von H\u00d4TEL DU ROC beschlossen werden, das sich bem\u00fchen wird, die Daten und Zeiten des Eingriffs mitzuteilen.<\/p>\n<h3 class=\"\" data-start=\"1638\" data-end=\"1677\">3. <strong>Beschreibung der erbrachten Leistungen<\/strong><\/h3>\n<p class=\"\" data-start=\"1679\" data-end=\"1778\">Die Website soll Informationen \u00fcber die Aktivit\u00e4ten der Einrichtung H\u00d4TEL DU ROC liefern.<\/p>\n<p class=\"\" data-start=\"1780\" data-end=\"1970\">Alle Informationen auf dieser Website sind unverbindlich und k\u00f6nnen sich \u00e4ndern. Sie sind nicht ersch\u00f6pfend und k\u00f6nnen seit ihrer Ver\u00f6ffentlichung ge\u00e4ndert werden.<\/p>\n<h3 class=\"\" data-start=\"1977\" data-end=\"2037\">4. <strong>Vertragliche Einschr\u00e4nkungen der technischen Daten<\/strong><\/h3>\n<p class=\"\" data-start=\"2039\" data-end=\"2288\">Die Website verwendet die JavaScript-Technologie.<br data-start=\"2081\" data-end=\"2084\" \/>H\u00d4TEL DU ROC kann nicht f\u00fcr materielle Sch\u00e4den im Zusammenhang mit der Nutzung der Website haftbar gemacht werden. Der Nutzer verpflichtet sich, eine aktuelle Hardware zu verwenden, die keine Viren enth\u00e4lt und deren Browser auf dem neuesten Stand ist.<\/p>\n<h3 class=\"\" data-start=\"2295\" data-end=\"2316\">5. <strong>Bildnachweise<\/strong><\/h3>\n<ul data-start=\"2318\" data-end=\"2389\">\n<li class=\"\" data-start=\"2318\" data-end=\"2352\">\n<p class=\"\" data-start=\"2320\" data-end=\"2352\">Fotolia - Alle Rechte vorbehalten<\/p>\n<\/li>\n<li class=\"\" data-start=\"2353\" data-end=\"2389\">\n<p class=\"\" data-start=\"2355\" data-end=\"2389\">Adobe Stock - Alle Rechte vorbehalten<\/p>\n<\/li>\n<\/ul>\n<h3 class=\"\" data-start=\"2396\" data-end=\"2443\">6. <strong>Geistiges Eigentum und F\u00e4lschungen<\/strong><\/h3>\n<p class=\"\" data-start=\"2445\" data-end=\"2675\">Jegliche Reproduktion, Darstellung, Ver\u00f6ffentlichung, Anpassung der gesamten oder eines Teils der Website oder der mobilen Anwendung, unabh\u00e4ngig von den verwendeten Mitteln oder Verfahren, ist untersagt, es sei denn, es liegt eine vorherige schriftliche Genehmigung von <strong data-start=\"2657\" data-end=\"2674\">Livada Florin<\/strong>.<\/p>\n<p class=\"\" data-start=\"2677\" data-end=\"2862\">Jede nicht genehmigte Nutzung wird als F\u00e4lschung angesehen und gem\u00e4\u00df den Artikeln L.335-2 ff. des Gesetzes \u00fcber geistiges Eigentum verfolgt.<\/p>\n<h3 class=\"\" data-start=\"2869\" data-end=\"2905\">7. <strong>Haftungsbeschr\u00e4nkungen<\/strong><\/h3>\n<p class=\"\" data-start=\"2907\" data-end=\"3060\">H\u00d4TEL DU ROC kann nicht f\u00fcr direkte oder indirekte Sch\u00e4den an der Hardware des Nutzers oder f\u00fcr technische Unvertr\u00e4glichkeiten haftbar gemacht werden.<\/p>\n<p class=\"\" data-start=\"3062\" data-end=\"3340\">Interaktive Bereiche stehen den Nutzern zur Verf\u00fcgung. H\u00d4TEL DU ROC beh\u00e4lt sich das Recht vor, Inhalte zu l\u00f6schen, die gegen die franz\u00f6sische Gesetzgebung versto\u00dfen, insbesondere in Bezug auf Datenschutz, Rassismus, Beleidigungen, Verleumdung oder pornografische Inhalte.<\/p>\n<h3 class=\"\" data-start=\"3347\" data-end=\"3399\">8. <strong>Widerspruchsliste gegen Telefonwerbung<\/strong><\/h3>\n<p class=\"\" data-start=\"3401\" data-end=\"3631\">Sie k\u00f6nnen sich kostenlos in die nationale Liste zur Verhinderung von Telefonwerbung eintragen : <a class=\"\" href=\"https:\/\/www.bloctel.gouv.fr\" target=\"_new\" rel=\"noopener\" data-start=\"3505\" data-end=\"3555\">www.bloctel.gouv.fr<\/a><br data-start=\"3555\" data-end=\"3558\" \/>Oder schreiben Sie an :<br data-start=\"3571\" data-end=\"3574\" \/>Worldline - Service Bloctel, CS 61311 - 41013 Blois Cedex<\/p>\n<h3 class=\"\" data-start=\"3638\" data-end=\"3673\">9. <strong>Hyperlinks und Cookies<\/strong><\/h3>\n<p class=\"\" data-start=\"3675\" data-end=\"3812\">Die Website kann Hyperlinks zu anderen Websites enthalten. H\u00d4TEL DU ROC hat nicht die M\u00f6glichkeit, den Inhalt dieser Websites zu \u00fcberpr\u00fcfen.<\/p>\n<p class=\"\" data-start=\"3814\" data-end=\"3985\">Das Surfen auf der Website kann zur Installation von Cookies f\u00fchren. Ein Cookie ist eine kleine Datei, die Informationen \u00fcber die Navigation speichert.<\/p>\n<p class=\"\" data-start=\"3987\" data-end=\"4143\">Der Nutzer kann seinen Browser so einstellen, dass er Cookies ablehnt. Die Verweigerung der Einrichtung kann dazu f\u00fchren, dass der Zugang zu bestimmten Diensten nicht m\u00f6glich ist.<\/p>\n<p class=\"\" data-start=\"4145\" data-end=\"4220\">Weitere Informationen finden Sie in unserem <a class=\"\" href=\"https:\/\/hotel-du-roc04.fr\/de\/datenschutzrichtlinie\/\" rel=\"noopener\" data-start=\"4182\" data-end=\"4219\">Richtlinien f\u00fcr den Umgang mit Cookies<\/a>.<\/p>\n<h3 class=\"\" data-start=\"4227\" data-end=\"4277\">10.<strong> Schutz personenbezogener Daten - DSGVO<\/strong><\/h3>\n<p class=\"\" data-start=\"4279\" data-end=\"4668\"><strong data-start=\"4279\" data-end=\"4308\">Verantwortlicher f\u00fcr die Verarbeitung<\/strong> : H\u00d4TEL DU ROC<br data-start=\"4323\" data-end=\"4326\" \/><strong data-start=\"4326\" data-end=\"4353\">Zweck der Verarbeitung<\/strong> : Verwaltung von Reservierungen, Kontaktanfragen, Besucherstatistiken.<br data-start=\"4433\" data-end=\"4436\" \/><strong data-start=\"4436\" data-end=\"4451\">Gesetzliche Grundlage<\/strong> : Erf\u00fcllung eines Vertrags, berechtigtes Interesse, Zustimmung.<br data-start=\"4509\" data-end=\"4512\" \/><strong data-start=\"4512\" data-end=\"4537\">Dauer der Aufbewahrung<\/strong> : Die Daten werden nicht l\u00e4nger als drei Jahre nach dem letzten Kontakt oder dem Ende der Gesch\u00e4ftsbeziehung aufbewahrt.<\/p>\n<p class=\"\" data-start=\"4670\" data-end=\"4798\"><strong data-start=\"4670\" data-end=\"4697\">Rechte der Nutzer<\/strong> :<br data-start=\"4699\" data-end=\"4702\" \/>Gem\u00e4\u00df der DSGVO und dem Gesetz \"Informatique et Libert\u00e9s\" haben Sie folgende Rechte:<\/p>\n<ul data-start=\"4799\" data-end=\"4996\">\n<li class=\"\" data-start=\"4799\" data-end=\"4846\">\n<p class=\"\" data-start=\"4801\" data-end=\"4846\">Recht auf Zugang, Berichtigung, L\u00f6schung<\/p>\n<\/li>\n<li class=\"\" data-start=\"4847\" data-end=\"4902\">\n<p class=\"\" data-start=\"4849\" data-end=\"4902\">Recht auf Einschr\u00e4nkung und Widerspruch der Verarbeitung<\/p>\n<\/li>\n<li class=\"\" data-start=\"4903\" data-end=\"4927\">\n<p class=\"\" data-start=\"4905\" data-end=\"4927\">Recht auf \u00dcbertragbarkeit<\/p>\n<\/li>\n<li class=\"\" data-start=\"4928\" data-end=\"4996\">\n<p class=\"\" data-start=\"4930\" data-end=\"4996\">Recht, eine Beschwerde bei der CNIL einzureichen (<a class=\"\" href=\"http:\/\/www.cnil.fr\" target=\"_new\" rel=\"noopener\" data-start=\"4984\" data-end=\"4995\">www.cnil.fr<\/a>)<\/p>\n<\/li>\n<\/ul>\n<p class=\"\" data-start=\"4998\" data-end=\"5085\">Um Ihre Rechte auszu\u00fcben, k\u00f6nnen Sie eine E-Mail an : <strong data-start=\"5056\" data-end=\"5085\"><a class=\"cursor-pointer\" rel=\"noopener\" data-start=\"5058\" data-end=\"5083\">contact@hotel-du-roc04.fr<\/a><\/strong><\/p>\n<p class=\"\" data-start=\"5087\" data-end=\"5200\">Ohne Ihre Zustimmung werden keine pers\u00f6nlichen Informationen ver\u00f6ffentlicht, ausgetauscht, \u00fcbertragen oder an Dritte verkauft.<\/p>\n<h3 class=\"\" data-start=\"5207\" data-end=\"5246\">11. <strong>Die wichtigsten betroffenen Gesetze<\/strong><\/h3>\n<ul data-start=\"5248\" data-end=\"5479\">\n<li class=\"\" data-start=\"5248\" data-end=\"5349\">\n<p class=\"\" data-start=\"5250\" data-end=\"5349\">Gesetz Nr. 78-17 vom 6. Januar 1978 (ge\u00e4ndert) \u00fcber Informatik, Dateien und Freiheitsrechte<\/p>\n<\/li>\n<li class=\"\" data-start=\"5350\" data-end=\"5401\">\n<p class=\"\" data-start=\"5352\" data-end=\"5401\">Verordnung (EU) 2016\/679 vom 27. April 2016 (DSGVO)<\/p>\n<\/li>\n<li class=\"\" data-start=\"5402\" data-end=\"5479\">\n<p class=\"\" data-start=\"5404\" data-end=\"5479\">Gesetz Nr. 2004-575 vom 21. Juni 2004 f\u00fcr das Vertrauen in die digitale Wirtschaft<\/p>\n<\/li>\n<\/ul>\n<h3 class=\"\" data-start=\"5486\" data-end=\"5501\">12. <strong>Lexikon<\/strong><\/h3>\n<ul data-start=\"5503\" data-end=\"5662\">\n<li class=\"\" data-start=\"5503\" data-end=\"5567\">\n<p class=\"\" data-start=\"5505\" data-end=\"5567\"><strong data-start=\"5505\" data-end=\"5520\">Benutzer<\/strong> : Internetnutzer, der sich einloggt und die Website nutzt.<\/p>\n<\/li>\n<li class=\"\" data-start=\"5568\" data-end=\"5662\">\n<p class=\"\" data-start=\"5570\" data-end=\"5662\"><strong data-start=\"5570\" data-end=\"5599\">Pers\u00f6nliche Informationen<\/strong> : Daten, die die Identifizierung einer nat\u00fcrlichen Person erm\u00f6glichen.<\/p>\n<\/li>\n<\/ul>\n<h3 class=\"\" data-start=\"5669\" data-end=\"5688\">13. <strong>Partner<\/strong><\/h3>\n<p class=\"\" data-start=\"5690\" data-end=\"5885\">Alle Partner von H\u00d4TEL DU ROC und von <strong data-start=\"5739\" data-end=\"5756\">Livada Florin<\/strong> die auf der Seite \"Partner\" sichtbar sind, haben das Recht, ihre Informationen zu \u00e4ndern, indem sie eine einfache Anfrage an :<br data-start=\"5865\" data-end=\"5868\" \/><strong data-start=\"5868\" data-end=\"5885\"><a class=\"cursor-pointer\" rel=\"noopener\" data-start=\"5870\" data-end=\"5883\">contact@livada.fr<\/a><\/strong><\/p>\t\t\t\t\t\t\t\t<\/div>\n\t\t\t\t<\/div>\n\t\t\t\t\t<\/div>\n\t\t\t\t<\/div>\n\t\t\t\t<\/div>","protected":false},"excerpt":{"rendered":"<p>Mentions L\u00e9gales 1. Pr\u00e9sentation du site En vertu de l\u2019article 6 de la loi n\u00b0 2004-575 du 21 juin 2004 pour la confiance dans l\u2019\u00e9conomie num\u00e9rique, il est pr\u00e9cis\u00e9 aux utilisateurs du site www.hotel-du-roc04.fr l\u2019identit\u00e9 des diff\u00e9rents intervenants dans le cadre de sa r\u00e9alisation et de son suivi : \u00c9diteur et directeur de publication :H\u00d4TEL [&hellip;]<\/p>\n","protected":false},"author":1,"featured_media":0,"parent":0,"menu_order":0,"comment_status":"closed","ping_status":"closed","template":"","meta":{"footnotes":""},"class_list":["post-1666","page","type-page","status-publish","hentry"],"yoast_head":"<!-- This site is optimized with the Yoast SEO plugin v27.4 - https:\/\/yoast.com\/product\/yoast-seo-wordpress\/ -->\n<title>Mentions L\u00e9gales - H\u00f4tel du Roc Castellane<\/title>\n<meta name=\"robots\" content=\"index, follow, max-snippet:-1, max-image-preview:large, max-video-preview:-1\" \/>\n<link rel=\"canonical\" href=\"https:\/\/hotel-du-roc04.fr\/de\/rechtliche-hinweise\/\" \/>\n<meta property=\"og:locale\" content=\"de_DE\" \/>\n<meta property=\"og:type\" content=\"article\" \/>\n<meta property=\"og:title\" content=\"Mentions L\u00e9gales - H\u00f4tel du Roc Castellane\" \/>\n<meta property=\"og:description\" content=\"Mentions L\u00e9gales 1. Pr\u00e9sentation du site En vertu de l\u2019article 6 de la loi n\u00b0 2004-575 du 21 juin 2004 pour la confiance dans l\u2019\u00e9conomie num\u00e9rique, il est pr\u00e9cis\u00e9 aux utilisateurs du site www.hotel-du-roc04.fr l\u2019identit\u00e9 des diff\u00e9rents intervenants dans le cadre de sa r\u00e9alisation et de son suivi : \u00c9diteur et directeur de publication :H\u00d4TEL [&hellip;]\" \/>\n<meta property=\"og:url\" content=\"https:\/\/hotel-du-roc04.fr\/de\/rechtliche-hinweise\/\" \/>\n<meta property=\"og:site_name\" content=\"H\u00f4tel du Roc Castellane\" \/>\n<meta property=\"article:modified_time\" content=\"2025-04-09T09:48:47+00:00\" \/>\n<meta name=\"twitter:card\" content=\"summary_large_image\" \/>\n<meta name=\"twitter:label1\" content=\"Gesch\u00e4tzte Lesezeit\" \/>\n\t<meta name=\"twitter:data1\" content=\"4\u00a0Minuten\" \/>\n<script type=\"application\/ld+json\" class=\"yoast-schema-graph\">{\"@context\":\"https:\\\/\\\/schema.org\",\"@graph\":[{\"@type\":\"WebPage\",\"@id\":\"https:\\\/\\\/hotel-du-roc04.fr\\\/mentions-legales\\\/\",\"url\":\"https:\\\/\\\/hotel-du-roc04.fr\\\/mentions-legales\\\/\",\"name\":\"Mentions L\u00e9gales - H\u00f4tel du Roc Castellane\",\"isPartOf\":{\"@id\":\"https:\\\/\\\/hotel-du-roc04.fr\\\/#website\"},\"datePublished\":\"2025-04-09T09:04:44+00:00\",\"dateModified\":\"2025-04-09T09:48:47+00:00\",\"breadcrumb\":{\"@id\":\"https:\\\/\\\/hotel-du-roc04.fr\\\/mentions-legales\\\/#breadcrumb\"},\"inLanguage\":\"de\",\"potentialAction\":[{\"@type\":\"ReadAction\",\"target\":[\"https:\\\/\\\/hotel-du-roc04.fr\\\/mentions-legales\\\/\"]}]},{\"@type\":\"BreadcrumbList\",\"@id\":\"https:\\\/\\\/hotel-du-roc04.fr\\\/mentions-legales\\\/#breadcrumb\",\"itemListElement\":[{\"@type\":\"ListItem\",\"position\":1,\"name\":\"Accueil\",\"item\":\"https:\\\/\\\/hotel-du-roc04.fr\\\/\"},{\"@type\":\"ListItem\",\"position\":2,\"name\":\"Mentions L\u00e9gales\"}]},{\"@type\":\"WebSite\",\"@id\":\"https:\\\/\\\/hotel-du-roc04.fr\\\/#website\",\"url\":\"https:\\\/\\\/hotel-du-roc04.fr\\\/\",\"name\":\"H\u00f4tel du Roc \u00e0 Castellane\",\"description\":\"\",\"publisher\":{\"@id\":\"https:\\\/\\\/hotel-du-roc04.fr\\\/#organization\"},\"potentialAction\":[{\"@type\":\"SearchAction\",\"target\":{\"@type\":\"EntryPoint\",\"urlTemplate\":\"https:\\\/\\\/hotel-du-roc04.fr\\\/?s={search_term_string}\"},\"query-input\":{\"@type\":\"PropertyValueSpecification\",\"valueRequired\":true,\"valueName\":\"search_term_string\"}}],\"inLanguage\":\"de\"},{\"@type\":\"Organization\",\"@id\":\"https:\\\/\\\/hotel-du-roc04.fr\\\/#organization\",\"name\":\"H\u00f4tel du Roc \u00e0 Castellane\",\"url\":\"https:\\\/\\\/hotel-du-roc04.fr\\\/\",\"logo\":{\"@type\":\"ImageObject\",\"inLanguage\":\"de\",\"@id\":\"https:\\\/\\\/hotel-du-roc04.fr\\\/#\\\/schema\\\/logo\\\/image\\\/\",\"url\":\"https:\\\/\\\/hotel-du-roc04.fr\\\/wp-content\\\/uploads\\\/2025\\\/05\\\/logo-roc-M-500-1.webp\",\"contentUrl\":\"https:\\\/\\\/hotel-du-roc04.fr\\\/wp-content\\\/uploads\\\/2025\\\/05\\\/logo-roc-M-500-1.webp\",\"width\":500,\"height\":500,\"caption\":\"H\u00f4tel du Roc \u00e0 Castellane\"},\"image\":{\"@id\":\"https:\\\/\\\/hotel-du-roc04.fr\\\/#\\\/schema\\\/logo\\\/image\\\/\"}}]}<\/script>\n<!-- \/ Yoast SEO plugin. -->","yoast_head_json":{"title":"Rechtliche Hinweise - H\u00f4tel du Roc Castellane","robots":{"index":"index","follow":"follow","max-snippet":"max-snippet:-1","max-image-preview":"max-image-preview:large","max-video-preview":"max-video-preview:-1"},"canonical":"https:\/\/hotel-du-roc04.fr\/de\/rechtliche-hinweise\/","og_locale":"de_DE","og_type":"article","og_title":"Mentions L\u00e9gales - H\u00f4tel du Roc Castellane","og_description":"Mentions L\u00e9gales 1. Pr\u00e9sentation du site En vertu de l\u2019article 6 de la loi n\u00b0 2004-575 du 21 juin 2004 pour la confiance dans l\u2019\u00e9conomie num\u00e9rique, il est pr\u00e9cis\u00e9 aux utilisateurs du site www.hotel-du-roc04.fr l\u2019identit\u00e9 des diff\u00e9rents intervenants dans le cadre de sa r\u00e9alisation et de son suivi : \u00c9diteur et directeur de publication :H\u00d4TEL [&hellip;]","og_url":"https:\/\/hotel-du-roc04.fr\/de\/rechtliche-hinweise\/","og_site_name":"H\u00f4tel du Roc Castellane","article_modified_time":"2025-04-09T09:48:47+00:00","twitter_card":"summary_large_image","twitter_misc":{"Gesch\u00e4tzte Lesezeit":"4\u00a0Minuten"},"schema":{"@context":"https:\/\/schema.org","@graph":[{"@type":"WebPage","@id":"https:\/\/hotel-du-roc04.fr\/mentions-legales\/","url":"https:\/\/hotel-du-roc04.fr\/mentions-legales\/","name":"Rechtliche Hinweise - H\u00f4tel du Roc Castellane","isPartOf":{"@id":"https:\/\/hotel-du-roc04.fr\/#website"},"datePublished":"2025-04-09T09:04:44+00:00","dateModified":"2025-04-09T09:48:47+00:00","breadcrumb":{"@id":"https:\/\/hotel-du-roc04.fr\/mentions-legales\/#breadcrumb"},"inLanguage":"de","potentialAction":[{"@type":"ReadAction","target":["https:\/\/hotel-du-roc04.fr\/mentions-legales\/"]}]},{"@type":"BreadcrumbList","@id":"https:\/\/hotel-du-roc04.fr\/mentions-legales\/#breadcrumb","itemListElement":[{"@type":"ListItem","position":1,"name":"Accueil","item":"https:\/\/hotel-du-roc04.fr\/"},{"@type":"ListItem","position":2,"name":"Mentions L\u00e9gales"}]},{"@type":"WebSite","@id":"https:\/\/hotel-du-roc04.fr\/#website","url":"https:\/\/hotel-du-roc04.fr\/","name":"H\u00f4tel du Roc in Castellane","description":"","publisher":{"@id":"https:\/\/hotel-du-roc04.fr\/#organization"},"potentialAction":[{"@type":"SearchAction","target":{"@type":"EntryPoint","urlTemplate":"https:\/\/hotel-du-roc04.fr\/?s={search_term_string}"},"query-input":{"@type":"PropertyValueSpecification","valueRequired":true,"valueName":"search_term_string"}}],"inLanguage":"de"},{"@type":"Organization","@id":"https:\/\/hotel-du-roc04.fr\/#organization","name":"H\u00f4tel du Roc in Castellane","url":"https:\/\/hotel-du-roc04.fr\/","logo":{"@type":"ImageObject","inLanguage":"de","@id":"https:\/\/hotel-du-roc04.fr\/#\/schema\/logo\/image\/","url":"https:\/\/hotel-du-roc04.fr\/wp-content\/uploads\/2025\/05\/logo-roc-M-500-1.webp","contentUrl":"https:\/\/hotel-du-roc04.fr\/wp-content\/uploads\/2025\/05\/logo-roc-M-500-1.webp","width":500,"height":500,"caption":"H\u00f4tel du Roc \u00e0 Castellane"},"image":{"@id":"https:\/\/hotel-du-roc04.fr\/#\/schema\/logo\/image\/"}}]}},"_links":{"self":[{"href":"https:\/\/hotel-du-roc04.fr\/de\/wp-json\/wp\/v2\/pages\/1666","targetHints":{"allow":["GET"]}}],"collection":[{"href":"https:\/\/hotel-du-roc04.fr\/de\/wp-json\/wp\/v2\/pages"}],"about":[{"href":"https:\/\/hotel-du-roc04.fr\/de\/wp-json\/wp\/v2\/types\/page"}],"author":[{"embeddable":true,"href":"https:\/\/hotel-du-roc04.fr\/de\/wp-json\/wp\/v2\/users\/1"}],"replies":[{"embeddable":true,"href":"https:\/\/hotel-du-roc04.fr\/de\/wp-json\/wp\/v2\/comments?post=1666"}],"version-history":[{"count":20,"href":"https:\/\/hotel-du-roc04.fr\/de\/wp-json\/wp\/v2\/pages\/1666\/revisions"}],"predecessor-version":[{"id":1690,"href":"https:\/\/hotel-du-roc04.fr\/de\/wp-json\/wp\/v2\/pages\/1666\/revisions\/1690"}],"wp:attachment":[{"href":"https:\/\/hotel-du-roc04.fr\/de\/wp-json\/wp\/v2\/media?parent=1666"}],"curies":[{"name":"wp","href":"https:\/\/api.w.org\/{rel}","templated":true}]}}